{"id":5480,"date":"2020-10-13T06:11:01","date_gmt":"2020-10-13T06:11:01","guid":{"rendered":"https:\/\/www.kohopsa.com\/customer-service-support\/"},"modified":"2024-08-28T13:53:44","modified_gmt":"2024-08-28T10:53:44","slug":"brukerstotte","status":"publish","type":"page","link":"https:\/\/www.kohopsa.com\/no\/brukerstotte\/","title":{"rendered":"Kundeservice og brukerst\u00f8tte"},"content":{"rendered":"\n\n\n\n<div id=\"\" class=\"l-container wp-block-acf-container wp-block-acf-container-base alignfull   container-block_6de90fc396c3e6be6ca4d77376894280  l-pad-top l-pad-bottom has-bg\">\n  <style>\n      <\/style>\n\n\n  \n      <div class=\"l-container__bg bg-center-center \">\n                            <picture>\n                        <source sizes=\"auto\" srcset=\"https:\/\/www.kohopsa.com\/wp-content\/uploads\/2021\/10\/customer-hero.png 1200w, https:\/\/www.kohopsa.com\/wp-content\/uploads\/2021\/10\/customer-hero-640x336.png 640w, https:\/\/www.kohopsa.com\/wp-content\/uploads\/2021\/10\/customer-hero-1024x538.png 1024w, https:\/\/www.kohopsa.com\/wp-content\/uploads\/2021\/10\/customer-hero-768x403.png 768w\" type=\"image\/jpeg\">\n            <img decoding=\"async\" src=\"https:\/\/www.kohopsa.com\/wp-content\/uploads\/2021\/10\/customer-hero-1024x538.png\" class=\"cover bg-container-block_6de90fc396c3e6be6ca4d77376894280-0\" \/>\n          <\/picture>\n          <style>\n\n          @media (max-width: 39.9375em) {\n            .l-container__bg img.bg-container-block_6de90fc396c3e6be6ca4d77376894280-0 {\n                          }\n          }\n            @media (min-width: 40em) {\n              .l-container__bg img.bg-container-block_6de90fc396c3e6be6ca4d77376894280-0 {\n                              }\n            }\n          <\/style>\n                          <div class=\"l-container__bg--overlay\" style=\"background-color: ; opacity: 1;\"><\/div>\n      <\/div>\n    \n  <div class=\"l-inside alignwide\">\n    <div class=\"l-row  l-justify--start l-row--center l-row--left-right  \">\n    <div class=\"l-row__bg \">\n        <div class=\"l-row__bg--overlay\" style=\"background-color: ; opacity: 1;\"><\/div>\n  <\/div>\n  \n          <div class=\"l-s-12 l-content-column  l-l-6 l-m-6 l-row--start l-justify--center content-0 content-container-block_6de90fc396c3e6be6ca4d77376894280-0 has-bg    \" >\n      <style>\n        .content-container-block_6de90fc396c3e6be6ca4d77376894280-0 > svg {\n          fill: #f19220;\n        }\n              <\/style>\n            <div class=\"l-content__bg \">\n                <div class=\"l-content__bg--overlay \" style=\"background-color: #ffffff; opacity: 0.8;\"><\/div>\n      <\/div>\n\n\n                  <h1>Kundeservice og brukerst\u00f8tte<\/h1>\n<p>Kundeservicemedarbeiderne tar godt vare p\u00e5 deg og svarer p\u00e5 alle sp\u00f8rsm\u00e5l du m\u00e5tte ha.<\/p>\n\n              <div class=\"button-container l-justify--start\">\n                        <a href=\"https:\/\/www.kohopsa.com\/no\/kontakt-oss\/\" class=\"button default \" >\n                Kontakt oss                              <\/a>\n                    <\/div>\n                <\/div>\n  \n\n          \n                  <\/div> \n      \n  <\/div>\n\n<\/div>\n\n\n\n\n\n\n<div id=\"\" class=\"l-container wp-block-acf-container wp-block-acf-container-base alignfull   container-block_3b71c692e3d2e02bcbc76c5c03db1d1c  l-pad-top l-pad-bottom has-bg\">\n  <style>\n      <\/style>\n\n\n  \n      <div class=\"l-container__bg bg-center-center \">\n                <div class=\"l-container__bg--overlay\" style=\"background-color: ; opacity: 1;\"><\/div>\n      <\/div>\n    \n  <div class=\"l-inside alignwide\">\n    <div class=\"l-row  l-justify--start l-row--start l-row--left-right  \">\n    <div class=\"l-row__bg \">\n        <div class=\"l-row__bg--overlay\" style=\"background-color: ; opacity: 1;\"><\/div>\n  <\/div>\n  \n          <div class=\"l-s-12 l-content-column  l-l-12 l-m-12 l-row--start l-justify--start content-0 content-container-block_3b71c692e3d2e02bcbc76c5c03db1d1c-0     \" >\n      <style>\n        .content-container-block_3b71c692e3d2e02bcbc76c5c03db1d1c-0 > svg {\n          fill: #f19220;\n        }\n              <\/style>\n            <div class=\"l-content__bg \">\n                <div class=\"l-content__bg--overlay \" style=\"background-color: ; opacity: 1;\"><\/div>\n      <\/div>\n\n\n                  \n                <\/div>\n          <div class=\"l-s-12 l-content-column  l-l-12 l-m-12 l-row--start l-justify--start content-1 content-container-block_3b71c692e3d2e02bcbc76c5c03db1d1c-1     \" >\n      <style>\n        .content-container-block_3b71c692e3d2e02bcbc76c5c03db1d1c-1 > svg {\n          fill: #f19220;\n        }\n              <\/style>\n            <div class=\"l-content__bg \">\n                <div class=\"l-content__bg--overlay \" style=\"background-color: ; opacity: 1;\"><\/div>\n      <\/div>\n\n\n                  <h2 style=\"text-align: center;\">Omfattende brukerst\u00f8tte f\u00f8lger med lisensen<\/h2>\n<p style=\"text-align: center;\">Det er enkelt \u00e5 ta kontakt med Koho PSA sine medarbeidere som jobber med teknisk kundeservice, uten at du m\u00e5 betale ekstra. N\u00e5r du blir kunde, f\u00e5r du tilgang til gratis brukerst\u00f8tte p\u00e5 <strong>telefon og e-post<\/strong>, slik at du f\u00e5r st\u00f8rst mulig utbytte av programvaren. Kundene v\u00e5re gir oss stadig tilbakemelding om at vi tilbyr god kundeservice, og at de setter stor pris p\u00e5 den proaktive innstillingen v\u00e5r.<\/p>\n\n                <\/div>\n          <div class=\"l-s-12 l-content-column  l-l-12 l-m-12 l-row--start l-justify--start content-2 content-container-block_3b71c692e3d2e02bcbc76c5c03db1d1c-2     \" >\n      <style>\n        .content-container-block_3b71c692e3d2e02bcbc76c5c03db1d1c-2 > svg {\n          fill: #f19220;\n        }\n              <\/style>\n            <div class=\"l-content__bg \">\n                <div class=\"l-content__bg--overlay \" style=\"background-color: ; opacity: 1;\"><\/div>\n      <\/div>\n\n\n                  \n                <\/div>\n  \n\n          \n                  <\/div> \n      \n  <\/div>\n\n<\/div>\n\n\n\n\n\n\n<div id=\"\" class=\"l-container wp-block-acf-container wp-block-acf-container-base alignfull   container-block_375e29e9314cbe6d53e3688edbee6cf2  l-pad-top l-pad-bottom has-bg\">\n  <style>\n      <\/style>\n\n\n  \n      <div class=\"l-container__bg bg-center-center \">\n                            <picture>\n                        <source sizes=\"auto\" srcset=\"https:\/\/www.kohopsa.com\/wp-content\/uploads\/2020\/10\/hassan-ouajbir-IYU_YmMRm7s-unsplash.jpg 1920w, https:\/\/www.kohopsa.com\/wp-content\/uploads\/2020\/10\/hassan-ouajbir-IYU_YmMRm7s-unsplash-640x427.jpg 640w, https:\/\/www.kohopsa.com\/wp-content\/uploads\/2020\/10\/hassan-ouajbir-IYU_YmMRm7s-unsplash-1024x683.jpg 1024w, https:\/\/www.kohopsa.com\/wp-content\/uploads\/2020\/10\/hassan-ouajbir-IYU_YmMRm7s-unsplash-768x512.jpg 768w, https:\/\/www.kohopsa.com\/wp-content\/uploads\/2020\/10\/hassan-ouajbir-IYU_YmMRm7s-unsplash-1536x1024.jpg 1536w, https:\/\/www.kohopsa.com\/wp-content\/uploads\/2020\/10\/hassan-ouajbir-IYU_YmMRm7s-unsplash-1440x960.jpg 1440w\" type=\"image\/jpeg\">\n            <img decoding=\"async\" src=\"https:\/\/www.kohopsa.com\/wp-content\/uploads\/2020\/10\/hassan-ouajbir-IYU_YmMRm7s-unsplash-1024x683.jpg\" class=\"cover bg-container-block_375e29e9314cbe6d53e3688edbee6cf2-0\" \/>\n          <\/picture>\n          <style>\n\n          @media (max-width: 39.9375em) {\n            .l-container__bg img.bg-container-block_375e29e9314cbe6d53e3688edbee6cf2-0 {\n                          }\n          }\n            @media (min-width: 40em) {\n              .l-container__bg img.bg-container-block_375e29e9314cbe6d53e3688edbee6cf2-0 {\n                              }\n            }\n          <\/style>\n                          <div class=\"l-container__bg--overlay\" style=\"background-color: ; opacity: 1;\"><\/div>\n      <\/div>\n    \n  <div class=\"l-inside alignwide\">\n    <div class=\"l-row  l-justify--start l-row--start l-row--left-right  \">\n    <div class=\"l-row__bg \">\n        <div class=\"l-row__bg--overlay\" style=\"background-color: ; opacity: 1;\"><\/div>\n  <\/div>\n  \n          <div class=\"l-s-12 l-content-column  l-l-12 l-m-12 l-row--start l-justify--start content-0 content-container-block_375e29e9314cbe6d53e3688edbee6cf2-0 has-bg    \" >\n      <style>\n        .content-container-block_375e29e9314cbe6d53e3688edbee6cf2-0 > svg {\n          fill: #f19220;\n        }\n              <\/style>\n            <div class=\"l-content__bg \">\n                <div class=\"l-content__bg--overlay \" style=\"background-color: #ffffff; opacity: 0.9;\"><\/div>\n      <\/div>\n\n\n                  <h2 style=\"text-align: center;\">Lurer du p\u00e5 noe?<\/h2>\n<p style=\"text-align: center;\">Hvis du allerede bruker programvaren v\u00e5r og trenger hjelp med noe, <a href=\"https:\/\/www.kohopsa.com\/no\/kontakt-oss\/\">finner du kontaktinformasjon her<\/a>. Hvis du vurderer \u00e5 g\u00e5 til anskaffelse av Koho PSA til virksomheten din og vil finne ut mer om oss, m\u00e5 du gjerne sende oss en melding i kontaktskjemaet.<\/p>\n\n              <div class=\"button-container l-justify--center\">\n                        <a href=\"https:\/\/www2.kohosales.com\/en\/contact-us\" class=\"button default \" >\n                Kontakt oss                              <\/a>\n                    <\/div>\n                <\/div>\n  \n\n          \n                  <\/div> \n      \n  <\/div>\n\n<\/div>\n","protected":false},"excerpt":{"rendered":"","protected":false},"author":9,"featured_media":0,"parent":0,"menu_order":0,"comment_status":"closed","ping_status":"closed","template":"","meta":{"_acf_changed":false,"footnotes":""},"class_list":["post-5480","page","type-page","status-publish","hentry"],"acf":[],"yoast_head":"<!-- This site is optimized with the Yoast SEO plugin v27.0 - https:\/\/yoast.com\/product\/yoast-seo-wordpress\/ -->\n<title>Kundeservice og brukerst\u00f8tte | Koho PSA<\/title>\n<meta name=\"description\" content=\"N\u00e5r du blir kunde hos oss, f\u00e5r du tilgang til gratis brukerst\u00f8tte over telefon og e-post som hjelper deg med \u00e5 utnytte programvaren til det ytterste.\" \/>\n<meta name=\"robots\" content=\"index, follow, max-snippet:-1, max-image-preview:large, max-video-preview:-1\" \/>\n<link rel=\"canonical\" href=\"https:\/\/www.kohopsa.com\/no\/brukerstotte\/\" \/>\n<meta property=\"og:locale\" content=\"nb_NO\" \/>\n<meta property=\"og:type\" content=\"article\" \/>\n<meta property=\"og:title\" content=\"Kundeservice og brukerst\u00f8tte | Koho PSA\" \/>\n<meta property=\"og:description\" content=\"N\u00e5r du blir kunde hos oss, f\u00e5r du tilgang til gratis brukerst\u00f8tte over telefon og e-post som hjelper deg med \u00e5 utnytte programvaren til det ytterste.\" \/>\n<meta property=\"og:url\" content=\"https:\/\/www.kohopsa.com\/no\/brukerstotte\/\" \/>\n<meta property=\"og:site_name\" content=\"Koho PSA\" \/>\n<meta property=\"article:modified_time\" content=\"2024-08-28T10:53:44+00:00\" \/>\n<meta name=\"twitter:card\" content=\"summary_large_image\" \/>\n<script type=\"application\/ld+json\" class=\"yoast-schema-graph\">{\"@context\":\"https:\/\/schema.org\",\"@graph\":[{\"@type\":\"WebPage\",\"@id\":\"https:\/\/www.kohopsa.com\/no\/brukerstotte\/\",\"url\":\"https:\/\/www.kohopsa.com\/no\/brukerstotte\/\",\"name\":\"Kundeservice og brukerst\u00f8tte | Koho PSA\",\"isPartOf\":{\"@id\":\"https:\/\/www.kohopsa.com\/no\/#website\"},\"datePublished\":\"2020-10-13T06:11:01+00:00\",\"dateModified\":\"2024-08-28T10:53:44+00:00\",\"description\":\"N\u00e5r du blir kunde hos oss, f\u00e5r du tilgang til gratis brukerst\u00f8tte over telefon og e-post som hjelper deg med \u00e5 utnytte programvaren til det ytterste.\",\"breadcrumb\":{\"@id\":\"https:\/\/www.kohopsa.com\/no\/brukerstotte\/#breadcrumb\"},\"inLanguage\":\"nb-NO\",\"potentialAction\":[{\"@type\":\"ReadAction\",\"target\":[\"https:\/\/www.kohopsa.com\/no\/brukerstotte\/\"]}]},{\"@type\":\"BreadcrumbList\",\"@id\":\"https:\/\/www.kohopsa.com\/no\/brukerstotte\/#breadcrumb\",\"itemListElement\":[{\"@type\":\"ListItem\",\"position\":1,\"name\":\"Home\",\"item\":\"https:\/\/www.kohopsa.com\/no\/\"},{\"@type\":\"ListItem\",\"position\":2,\"name\":\"Kundeservice og brukerst\u00f8tte\"}]},{\"@type\":\"WebSite\",\"@id\":\"https:\/\/www.kohopsa.com\/no\/#website\",\"url\":\"https:\/\/www.kohopsa.com\/no\/\",\"name\":\"Koho PSA\",\"description\":\"\",\"publisher\":{\"@id\":\"https:\/\/www.kohopsa.com\/no\/#organization\"},\"potentialAction\":[{\"@type\":\"SearchAction\",\"target\":{\"@type\":\"EntryPoint\",\"urlTemplate\":\"https:\/\/www.kohopsa.com\/no\/?s={search_term_string}\"},\"query-input\":{\"@type\":\"PropertyValueSpecification\",\"valueRequired\":true,\"valueName\":\"search_term_string\"}}],\"inLanguage\":\"nb-NO\"},{\"@type\":\"Organization\",\"@id\":\"https:\/\/www.kohopsa.com\/no\/#organization\",\"name\":\"Koho PSA\",\"url\":\"https:\/\/www.kohopsa.com\/no\/\",\"logo\":{\"@type\":\"ImageObject\",\"inLanguage\":\"nb-NO\",\"@id\":\"https:\/\/www.kohopsa.com\/no\/#\/schema\/logo\/image\/\",\"url\":\"https:\/\/www.kohopsa.com\/wp-content\/uploads\/2020\/09\/logo-full.png\",\"contentUrl\":\"https:\/\/www.kohopsa.com\/wp-content\/uploads\/2020\/09\/logo-full.png\",\"width\":260,\"height\":92,\"caption\":\"Koho PSA\"},\"image\":{\"@id\":\"https:\/\/www.kohopsa.com\/no\/#\/schema\/logo\/image\/\"}}]}<\/script>\n<!-- \/ Yoast SEO plugin. -->","yoast_head_json":{"title":"Kundeservice og brukerst\u00f8tte | Koho PSA","description":"N\u00e5r du blir kunde hos oss, f\u00e5r du tilgang til gratis brukerst\u00f8tte over telefon og e-post som hjelper deg med \u00e5 utnytte programvaren til det ytterste.","robots":{"index":"index","follow":"follow","max-snippet":"max-snippet:-1","max-image-preview":"max-image-preview:large","max-video-preview":"max-video-preview:-1"},"canonical":"https:\/\/www.kohopsa.com\/no\/brukerstotte\/","og_locale":"nb_NO","og_type":"article","og_title":"Kundeservice og brukerst\u00f8tte | Koho PSA","og_description":"N\u00e5r du blir kunde hos oss, f\u00e5r du tilgang til gratis brukerst\u00f8tte over telefon og e-post som hjelper deg med \u00e5 utnytte programvaren til det ytterste.","og_url":"https:\/\/www.kohopsa.com\/no\/brukerstotte\/","og_site_name":"Koho PSA","article_modified_time":"2024-08-28T10:53:44+00:00","twitter_card":"summary_large_image","schema":{"@context":"https:\/\/schema.org","@graph":[{"@type":"WebPage","@id":"https:\/\/www.kohopsa.com\/no\/brukerstotte\/","url":"https:\/\/www.kohopsa.com\/no\/brukerstotte\/","name":"Kundeservice og brukerst\u00f8tte | Koho PSA","isPartOf":{"@id":"https:\/\/www.kohopsa.com\/no\/#website"},"datePublished":"2020-10-13T06:11:01+00:00","dateModified":"2024-08-28T10:53:44+00:00","description":"N\u00e5r du blir kunde hos oss, f\u00e5r du tilgang til gratis brukerst\u00f8tte over telefon og e-post som hjelper deg med \u00e5 utnytte programvaren til det ytterste.","breadcrumb":{"@id":"https:\/\/www.kohopsa.com\/no\/brukerstotte\/#breadcrumb"},"inLanguage":"nb-NO","potentialAction":[{"@type":"ReadAction","target":["https:\/\/www.kohopsa.com\/no\/brukerstotte\/"]}]},{"@type":"BreadcrumbList","@id":"https:\/\/www.kohopsa.com\/no\/brukerstotte\/#breadcrumb","itemListElement":[{"@type":"ListItem","position":1,"name":"Home","item":"https:\/\/www.kohopsa.com\/no\/"},{"@type":"ListItem","position":2,"name":"Kundeservice og brukerst\u00f8tte"}]},{"@type":"WebSite","@id":"https:\/\/www.kohopsa.com\/no\/#website","url":"https:\/\/www.kohopsa.com\/no\/","name":"Koho PSA","description":"","publisher":{"@id":"https:\/\/www.kohopsa.com\/no\/#organization"},"potentialAction":[{"@type":"SearchAction","target":{"@type":"EntryPoint","urlTemplate":"https:\/\/www.kohopsa.com\/no\/?s={search_term_string}"},"query-input":{"@type":"PropertyValueSpecification","valueRequired":true,"valueName":"search_term_string"}}],"inLanguage":"nb-NO"},{"@type":"Organization","@id":"https:\/\/www.kohopsa.com\/no\/#organization","name":"Koho PSA","url":"https:\/\/www.kohopsa.com\/no\/","logo":{"@type":"ImageObject","inLanguage":"nb-NO","@id":"https:\/\/www.kohopsa.com\/no\/#\/schema\/logo\/image\/","url":"https:\/\/www.kohopsa.com\/wp-content\/uploads\/2020\/09\/logo-full.png","contentUrl":"https:\/\/www.kohopsa.com\/wp-content\/uploads\/2020\/09\/logo-full.png","width":260,"height":92,"caption":"Koho PSA"},"image":{"@id":"https:\/\/www.kohopsa.com\/no\/#\/schema\/logo\/image\/"}}]}},"_links":{"self":[{"href":"https:\/\/www.kohopsa.com\/no\/wp-json\/wp\/v2\/pages\/5480","targetHints":{"allow":["GET"]}}],"collection":[{"href":"https:\/\/www.kohopsa.com\/no\/wp-json\/wp\/v2\/pages"}],"about":[{"href":"https:\/\/www.kohopsa.com\/no\/wp-json\/wp\/v2\/types\/page"}],"author":[{"embeddable":true,"href":"https:\/\/www.kohopsa.com\/no\/wp-json\/wp\/v2\/users\/9"}],"replies":[{"embeddable":true,"href":"https:\/\/www.kohopsa.com\/no\/wp-json\/wp\/v2\/comments?post=5480"}],"version-history":[{"count":3,"href":"https:\/\/www.kohopsa.com\/no\/wp-json\/wp\/v2\/pages\/5480\/revisions"}],"predecessor-version":[{"id":9064,"href":"https:\/\/www.kohopsa.com\/no\/wp-json\/wp\/v2\/pages\/5480\/revisions\/9064"}],"wp:attachment":[{"href":"https:\/\/www.kohopsa.com\/no\/wp-json\/wp\/v2\/media?parent=5480"}],"curies":[{"name":"wp","href":"https:\/\/api.w.org\/{rel}","templated":true}]}}