{"id":5500,"date":"2020-10-13T06:15:25","date_gmt":"2020-10-13T06:15:25","guid":{"rendered":"https:\/\/www.kohopsa.com\/invoicing\/"},"modified":"2024-11-15T10:51:57","modified_gmt":"2024-11-15T07:51:57","slug":"fakturering","status":"publish","type":"page","link":"https:\/\/www.kohopsa.com\/no\/fakturering\/","title":{"rendered":"Fakturering"},"content":{"rendered":"\n\n\n\n<div id=\"\" class=\"l-container wp-block-acf-container wp-block-acf-container-base alignfull   container-block_313e88f901bbce1b750575de5e3e3b13  l-pad-top has-bg\">\n  <style>\n      <\/style>\n\n\n  \n      <div class=\"l-container__bg bg-center-center \">\n                            <picture>\n                        <source sizes=\"auto\" srcset=\"https:\/\/www.kohopsa.com\/wp-content\/uploads\/2022\/06\/hero-9.png 1200w, https:\/\/www.kohopsa.com\/wp-content\/uploads\/2022\/06\/hero-9-640x336.png 640w, https:\/\/www.kohopsa.com\/wp-content\/uploads\/2022\/06\/hero-9-1024x538.png 1024w, https:\/\/www.kohopsa.com\/wp-content\/uploads\/2022\/06\/hero-9-768x403.png 768w\" type=\"image\/jpeg\">\n            <img decoding=\"async\" src=\"https:\/\/www.kohopsa.com\/wp-content\/uploads\/2022\/06\/hero-9-1024x538.png\" class=\"cover bg-container-block_313e88f901bbce1b750575de5e3e3b13-0\" \/>\n          <\/picture>\n          <style>\n\n          @media (max-width: 39.9375em) {\n            .l-container__bg img.bg-container-block_313e88f901bbce1b750575de5e3e3b13-0 {\n                          }\n          }\n            @media (min-width: 40em) {\n              .l-container__bg img.bg-container-block_313e88f901bbce1b750575de5e3e3b13-0 {\n                              }\n            }\n          <\/style>\n                          <div class=\"l-container__bg--overlay\" style=\"background-color: #ffffff; opacity: 0.09;\"><\/div>\n      <\/div>\n    \n  <div class=\"l-inside alignwide\">\n    <div class=\"l-row  l-justify--start l-row--center l-row--left-right  \">\n    <div class=\"l-row__bg \">\n        <div class=\"l-row__bg--overlay\" style=\"background-color: ; opacity: 1;\"><\/div>\n  <\/div>\n  \n          <div class=\"l-s-12 l-content-column  l-l-6 l-m-6 l-row--start l-justify--center content-0 content-container-block_313e88f901bbce1b750575de5e3e3b13-0 has-bg    \" >\n      <style>\n        .content-container-block_313e88f901bbce1b750575de5e3e3b13-0 > svg {\n          fill: #f19220;\n        }\n              <\/style>\n            <div class=\"l-content__bg \">\n                <div class=\"l-content__bg--overlay \" style=\"background-color: #ffffff; opacity: 0.6;\"><\/div>\n      <\/div>\n\n\n                  <h1>Automatiser faktureringen i virksomheten<\/h1>\n<p>Automatisert fakturering gir fortgang i kontantstr\u00f8mmen til virksomheten og reduserer mengden un\u00f8dvendig manuelt arbeid dere trenger \u00e5 gj\u00f8re. Koho PSA har en rekke forskjellige faktureringsmetoder og automatiseringer, skreddersydd for behovene i regnskapsbyr\u00e5er.<\/p>\n\n              <div class=\"button-container l-justify--start\">\n                        <a href=\"https:\/\/www.kohopsa.com\/no\/be-om-mote\/\" class=\"button default \" >\n                Be om demonstrasjon                              <\/a>\n                          <a href=\"https:\/\/www.kohopsa.com\/no\/priser\/\" class=\"button button--text \" >\n                Se pakker                                  <svg><use xlink:href=\"#t-arrow\" \/><\/svg>\n                              <\/a>\n                    <\/div>\n                <\/div>\n  \n\n          \n                  <\/div> \n      \n  <\/div>\n\n<\/div>\n\n\n\n\n\n\n<div id=\"\" class=\"l-container wp-block-acf-container wp-block-acf-container-base alignfull   container-block_ad57139034e452f583d59dc8291f0ef3  l-pad-top l-pad-bottom has-bg\">\n  <style>\n      <\/style>\n\n\n  \n      <div class=\"l-container__bg bg-center-center \">\n                <div class=\"l-container__bg--overlay\" style=\"background-color: ; opacity: 1;\"><\/div>\n      <\/div>\n    \n  <div class=\"l-inside alignwide\">\n    <div class=\"l-row  l-justify--start l-row--center l-row--left-right  \">\n    <div class=\"l-row__bg \">\n        <div class=\"l-row__bg--overlay\" style=\"background-color: ; opacity: 1;\"><\/div>\n  <\/div>\n  \n          <div class=\"l-s-12 l-content-column  l-l-6 l-m-12 l-row--start l-justify--start content-0 content-container-block_ad57139034e452f583d59dc8291f0ef3-0     \" >\n      <style>\n        .content-container-block_ad57139034e452f583d59dc8291f0ef3-0 > svg {\n          fill: #f19220;\n        }\n              <\/style>\n            <div class=\"l-content__bg \">\n                <div class=\"l-content__bg--overlay \" style=\"background-color: ; opacity: 1;\"><\/div>\n      <\/div>\n\n\n                  <h2>PSA-programvare eller fakturaprogram \u2013 hvorfor ikke begge deler?<\/h2>\n<p>Koho PSA lar deg opprette fakturaer automatisk, basert p\u00e5 registrert arbeidstid og kontrakter. Faktureringsverkt\u00f8yet samler data fra lagret tidsbruk og prosjekter med kun f\u00e5 tastetrykk. Dermed forenkles faktureringen i virksomheten, og dere f\u00e5r fortgang i de daglige oppgavene ved hjelp av automatisert fakturering.<\/p>\n\n                <\/div>\n          <div class=\"l-s-12 l-content-column  l-l-6 l-m-6 l-row--start l-justify--start content-1 content-container-block_ad57139034e452f583d59dc8291f0ef3-1     \" >\n      <style>\n        .content-container-block_ad57139034e452f583d59dc8291f0ef3-1 > svg {\n          fill: #f19220;\n        }\n              <\/style>\n            <div class=\"l-content__bg \">\n                <div class=\"l-content__bg--overlay \" style=\"background-color: ; opacity: 1;\"><\/div>\n      <\/div>\n\n\n                  <p><img decoding=\"async\" class=\"size-medium wp-image-3610 aligncenter\" src=\"https:\/\/www.kohopsa.com\/wp-content\/uploads\/2020\/10\/laskutus-en@2x-640x399.png\" alt=\"invoice software\" width=\"640\" height=\"399\" srcset=\"https:\/\/www.kohopsa.com\/wp-content\/uploads\/2020\/10\/laskutus-en@2x-640x399.png 640w, https:\/\/www.kohopsa.com\/wp-content\/uploads\/2020\/10\/laskutus-en@2x-1024x639.png 1024w, https:\/\/www.kohopsa.com\/wp-content\/uploads\/2020\/10\/laskutus-en@2x-768x479.png 768w, https:\/\/www.kohopsa.com\/wp-content\/uploads\/2020\/10\/laskutus-en@2x.png 1144w\" sizes=\"(max-width: 640px) 100vw, 640px\" \/><\/p>\n\n                <\/div>\n  \n\n          \n                  <\/div> \n      \n  <\/div>\n\n<\/div>\n\n\n\n\n\n\n<div id=\"\" class=\"l-container wp-block-acf-container wp-block-acf-container-base alignfull   container-block_b988b0473d184897ec249129ec653fc9  l-pad-top l-pad-bottom has-bg\">\n  <style>\n      <\/style>\n\n\n  \n      <div class=\"l-container__bg bg-center-center \">\n                <div class=\"l-container__bg--overlay\" style=\"background-color: #f5f3f1; opacity: 1;\"><\/div>\n      <\/div>\n    \n  <div class=\"l-inside alignwide\">\n    <div class=\"l-row  l-justify--start l-row--center l-row--left-right  \">\n    <div class=\"l-row__bg \">\n        <div class=\"l-row__bg--overlay\" style=\"background-color: ; opacity: 1;\"><\/div>\n  <\/div>\n  \n          <div class=\"l-s-12 l-content-column  l-l-8 l-m-6 l-row--start l-justify--start content-0 content-container-block_b988b0473d184897ec249129ec653fc9-0    padding-large \" >\n      <style>\n        .content-container-block_b988b0473d184897ec249129ec653fc9-0 > svg {\n          fill: #f19220;\n        }\n              <\/style>\n            <div class=\"l-content__bg \">\n                <div class=\"l-content__bg--overlay \" style=\"background-color: ; opacity: 1;\"><\/div>\n      <\/div>\n\n\n                  <h2>F\u00e5 fortgang i kontantstr\u00f8mmen med automatisert fakturering<\/h2>\n<p>Opprett fakturaer automatisk p\u00e5 grunnlag av registrert arbeidstid og kontrakter, fakturer p\u00e5 grunnlag av hvor mye tid du faktisk har brukt p\u00e5 kundehenvendelsen, f\u00e5 en tydelig arbeidsflyt og definer regler om fakturerbar tid med with Koho PSA. Du kan raskt legge til separate punkter p\u00e5 en faktura med den praktiske salgsfunksjonen.<\/p>\n<p>Koho PSA samler enkelt arbeidstid, utgifter, produkter og faste tjenester til fakturaen. Det eneste du beh\u00f8ver \u00e5 gj\u00f8re, er \u00e5 foreta noen valg og sende fakturaene gjennom \u00f8konomistyringsprogrammet ditt.<\/p>\n<p>Fakturaer for avtaler du har inng\u00e5tt, registrert arbeidstid og kontrakter er bare et tastetrykk unna. Det g\u00e5r betydelig raskere \u00e5 sende fakturaer med Koho PSA enn med lignende systemer, noe som hjelper deg med \u00e5 forbedre kontantstr\u00f8mmen til virksomheten. Forenkle arbeidsflyten og spar tid ved \u00e5 ta h\u00e5nd om kundebasen p\u00e5 en smidig m\u00e5te fra f\u00f8rste henvendelse til fakturering \u2013 i ett og samme system.<\/p>\n\n                <\/div>\n          <div class=\"l-s-12 l-content-column  l-l-4 l-m-6 l-row--start l-justify--start content-1 content-container-block_b988b0473d184897ec249129ec653fc9-1 has-bg    \" >\n      <style>\n        .content-container-block_b988b0473d184897ec249129ec653fc9-1 > svg {\n          fill: #f19220;\n        }\n              <\/style>\n            <div class=\"l-content__bg \">\n                <div class=\"l-content__bg--overlay \" style=\"background-color: #ffffff; opacity: 1;\"><\/div>\n      <\/div>\n\n\n                  <h3>Arbeidsordrer minner deg p\u00e5 oppgaver som m\u00e5 gj\u00f8res og reduserer antall feil<\/h3>\n<p><strong><a href=\"https:\/\/www.kohopsa.com\/no\/faste-oppgaver\/\">Arbeidsordrer<\/a><\/strong> hjelper deg med \u00e5 holde styr p\u00e5 fakturerbare faste oppgaver og underoppgaver, slik at du husker \u00e5 gj\u00f8re oppgavene og fakturere dem. <strong><span class=\"OYPEnA font-feature-liga-off font-feature-clig-off font-feature-calt-off text-decoration-none text-strikethrough-none\">Fullf\u00f8rte oppgaver kan automatisk settes p\u00e5 en faktura.<\/span><\/strong> Takket v\u00e6re den effektive faktureringsprosessen reduserer du faren for feil i fakturaene til et minimum, og du frigj\u00f8r tid til mer produktivt arbeid.<\/p>\n\n                <\/div>\n  \n\n          \n                  <\/div> \n      \n  <\/div>\n\n<\/div>\n\n\n\n\n\n\n<div id=\"\" class=\"l-container wp-block-acf-container wp-block-acf-container-base alignfull   container-block_7458a748a395e9d793edbee6b46df335  l-pad-top l-pad-bottom \">\n  <style>\n      <\/style>\n\n\n  \n  <div class=\"l-inside alignwide\">\n    <div class=\"l-row  l-justify--start l-row--start l-row--left-right  \">\n    <div class=\"l-row__bg \">\n        <div class=\"l-row__bg--overlay\" style=\"background-color: ; opacity: 1;\"><\/div>\n  <\/div>\n  \n          <div class=\"l-s-12 l-content-column  l-l-6 l-m-6 l-row--start l-justify--start content-0 content-container-block_7458a748a395e9d793edbee6b46df335-0 has-bg has-bg--fill  l-stretch-self  \" >\n      <style>\n        .content-container-block_7458a748a395e9d793edbee6b46df335-0 > svg {\n          fill: #f19220;\n        }\n              <\/style>\n            <div class=\"l-content__bg l-content__bg--fill-block\">\n                            <picture>\n            <source sizes=\"auto\" srcset=\"https:\/\/www.kohopsa.com\/wp-content\/uploads\/2022\/06\/hero-7-e1654863309186.png 771w, https:\/\/www.kohopsa.com\/wp-content\/uploads\/2022\/06\/hero-7-e1654863309186-640x523.png 640w, https:\/\/www.kohopsa.com\/wp-content\/uploads\/2022\/06\/hero-7-e1654863309186-768x628.png 768w\" type=\"image\/jpeg\">\n            <img decoding=\"async\" src=\"https:\/\/www.kohopsa.com\/wp-content\/uploads\/2022\/06\/hero-7-1024x538.png\" class=\"cover\" \/>\n          <\/picture>\n                <div class=\"l-content__bg--overlay \" style=\"background-color: ; opacity: 1;\"><\/div>\n      <\/div>\n\n\n                  \n                <\/div>\n          <div class=\"l-s-12 l-content-column  l-l-6 l-m-6 l-row--start l-justify--start content-1 content-container-block_7458a748a395e9d793edbee6b46df335-1    padding-large \" >\n      <style>\n        .content-container-block_7458a748a395e9d793edbee6b46df335-1 > svg {\n          fill: #f19220;\n        }\n              <\/style>\n            <div class=\"l-content__bg \">\n                <div class=\"l-content__bg--overlay \" style=\"background-color: ; opacity: 1;\"><\/div>\n      <\/div>\n\n\n                  <h2>Opprett en faktura<\/h2>\n<h4>Fra pristilbud og kontrakter<\/h4>\n<p>Send faktura for en inng\u00e5tt avtale med ett tastetrykk. <b>Automatisert fakturering<\/b><b> <\/b>lar deg opprette en faktura basert p\u00e5 kontraktene dine i henhold til gitte regler. Systemet s\u00f8rger for at alle fakturaer sendes ut i tide og at du unng\u00e5r tastefeil.<\/p>\n<h4>Basert p\u00e5 registrert arbeidstid<\/h4>\n<p>Du kan raskt samle bekreftet arbeidstid i rader p\u00e5 en faktura og forenkle <strong>fakturering basert p\u00e5 arbeidstid <\/strong>betraktelig. All informasjonen som danner grunnlaget for faktureringen, flyttes fremover i salgsprosessen, uten at du m\u00e5 skrive informasjonen inn i et annet program manuelt.<\/p>\n<h4>Overf\u00f8r data til \u00f8konomistyringssystemet<\/h4>\n<p aria-level=\"1\">Ferdige fakturaer overf\u00f8res enkelt fra Koho PSA til \u00f8konomistyringssystemet du bruker.<\/p>\n\n                <\/div>\n  \n\n          \n                  <\/div> \n      \n  <\/div>\n\n<\/div>\n\n\n\n\n\n\n<div id=\"\" class=\"l-container wp-block-acf-container wp-block-acf-container-base alignfull   container-block_97471ed5d4f8bafcfae5d6d135605e23  l-pad-top l-pad-bottom has-bg\">\n  <style>\n      <\/style>\n\n\n  \n      <div class=\"l-container__bg bg-center-center \">\n                <div class=\"l-container__bg--overlay\" style=\"background-color: #f5f3f1; opacity: 1;\"><\/div>\n      <\/div>\n    \n  <div class=\"l-inside alignwide\">\n    <div class=\"l-row  l-justify--start l-row--center l-row--left-right  \">\n    <div class=\"l-row__bg \">\n        <div class=\"l-row__bg--overlay\" style=\"background-color: ; opacity: 1;\"><\/div>\n  <\/div>\n  \n          <div class=\"l-s-12 l-content-column  l-l-8 l-m-12 l-row--center l-justify--start content-0 content-container-block_97471ed5d4f8bafcfae5d6d135605e23-0    padding-large \" >\n      <style>\n        .content-container-block_97471ed5d4f8bafcfae5d6d135605e23-0 > svg {\n          fill: #f19220;\n        }\n              <\/style>\n            <div class=\"l-content__bg \">\n                <div class=\"l-content__bg--overlay \" style=\"background-color: ; opacity: 1;\"><\/div>\n      <\/div>\n\n\n                  <h6>Last ned gratis prisveiledning:<\/h6>\n<h3><span style=\"color: #f19220;\">Veiledning i prising av tjenester i <\/span><span style=\"color: #f19220;\">regnskapsfirmaer<\/span><\/h3>\n<p>Prisveiledningen hjelper deg \u00e5 legge til rette for bedre prising av tjenestene dine. Veiledningen hjelper deg med \u00e5 forst\u00e5 forskjellige former for og kjennetegn ved prissetting og inntektsmodeller.<\/p>\n<p>Last ned veiledningen og f\u00e5 praktiske tips om prissetting og produksjon i virksomheten.<\/p>\n\n              <div class=\"button-container l-justify--start\">\n                        <a href=\"https:\/\/www2.kohosales.com\/no\/veiledning-i-prising-av-tjenester-i-regnskapsfirmaer\" class=\"button default \" >\n                Last ned veileder                              <\/a>\n                    <\/div>\n                <\/div>\n          <div class=\"l-s-12 l-content-column  l-l-4 l-m-12 l-row--start l-justify--center content-1 content-container-block_97471ed5d4f8bafcfae5d6d135605e23-1    padding-large \" >\n      <style>\n        .content-container-block_97471ed5d4f8bafcfae5d6d135605e23-1 > svg {\n          fill: #f19220;\n        }\n              <\/style>\n            <div class=\"l-content__bg \">\n                <div class=\"l-content__bg--overlay \" style=\"background-color: ; opacity: 1;\"><\/div>\n      <\/div>\n\n\n                  <p><img decoding=\"async\" class=\"size-medium wp-image-6699 aligncenter\" src=\"https:\/\/www.kohopsa.com\/wp-content\/uploads\/2023\/01\/NO-Pricing-guide-for-accounting-firms-452x640.png\" alt=\"Veiledning i prising av tjenester i regnskapsfirmaer\" width=\"452\" height=\"640\" srcset=\"https:\/\/www.kohopsa.com\/wp-content\/uploads\/2023\/01\/NO-Pricing-guide-for-accounting-firms-452x640.png 452w, https:\/\/www.kohopsa.com\/wp-content\/uploads\/2023\/01\/NO-Pricing-guide-for-accounting-firms-724x1024.png 724w, https:\/\/www.kohopsa.com\/wp-content\/uploads\/2023\/01\/NO-Pricing-guide-for-accounting-firms-768x1086.png 768w, https:\/\/www.kohopsa.com\/wp-content\/uploads\/2023\/01\/NO-Pricing-guide-for-accounting-firms-1086x1536.png 1086w, https:\/\/www.kohopsa.com\/wp-content\/uploads\/2023\/01\/NO-Pricing-guide-for-accounting-firms-1018x1440.png 1018w, https:\/\/www.kohopsa.com\/wp-content\/uploads\/2023\/01\/NO-Pricing-guide-for-accounting-firms.png 1414w\" sizes=\"(max-width: 452px) 100vw, 452px\" \/><\/p>\n\n                <\/div>\n  \n\n          \n                  <\/div> \n      \n  <\/div>\n\n<\/div>\n","protected":false},"excerpt":{"rendered":"","protected":false},"author":9,"featured_media":0,"parent":0,"menu_order":0,"comment_status":"closed","ping_status":"closed","template":"","meta":{"_acf_changed":false,"footnotes":""},"class_list":["post-5500","page","type-page","status-publish","hentry"],"acf":[],"yoast_head":"<!-- This site is optimized with the Yoast SEO plugin v27.0 - https:\/\/yoast.com\/product\/yoast-seo-wordpress\/ -->\n<title>Automatisk fakturering for regnskapsfirmaer | Koho PSA<\/title>\n<meta name=\"description\" content=\"Automatiser faktureringsprosessen til regnskapsfirmaet ditt og frigj\u00f8r tid til mer produktivt arbeid. Med Koho PSA unng\u00e5r du \u00e5 g\u00e5 glipp av inntekter fra fakturaer.\" \/>\n<meta name=\"robots\" content=\"index, follow, max-snippet:-1, max-image-preview:large, max-video-preview:-1\" \/>\n<link rel=\"canonical\" href=\"https:\/\/www.kohopsa.com\/no\/fakturering\/\" \/>\n<meta property=\"og:locale\" content=\"nb_NO\" \/>\n<meta property=\"og:type\" content=\"article\" \/>\n<meta property=\"og:title\" content=\"Automatisk fakturering for regnskapsfirmaer | Koho PSA\" \/>\n<meta property=\"og:description\" content=\"Automatiser faktureringsprosessen til regnskapsfirmaet ditt og frigj\u00f8r tid til mer produktivt arbeid. Med Koho PSA unng\u00e5r du \u00e5 g\u00e5 glipp av inntekter fra fakturaer.\" \/>\n<meta property=\"og:url\" content=\"https:\/\/www.kohopsa.com\/no\/fakturering\/\" \/>\n<meta property=\"og:site_name\" content=\"Koho PSA\" \/>\n<meta property=\"article:modified_time\" content=\"2024-11-15T07:51:57+00:00\" \/>\n<meta name=\"twitter:card\" content=\"summary_large_image\" \/>\n<script type=\"application\/ld+json\" class=\"yoast-schema-graph\">{\"@context\":\"https:\/\/schema.org\",\"@graph\":[{\"@type\":\"WebPage\",\"@id\":\"https:\/\/www.kohopsa.com\/no\/fakturering\/\",\"url\":\"https:\/\/www.kohopsa.com\/no\/fakturering\/\",\"name\":\"Automatisk fakturering for regnskapsfirmaer | Koho PSA\",\"isPartOf\":{\"@id\":\"https:\/\/www.kohopsa.com\/no\/#website\"},\"datePublished\":\"2020-10-13T06:15:25+00:00\",\"dateModified\":\"2024-11-15T07:51:57+00:00\",\"description\":\"Automatiser faktureringsprosessen til regnskapsfirmaet ditt og frigj\u00f8r tid til mer produktivt arbeid. Med Koho PSA unng\u00e5r du \u00e5 g\u00e5 glipp av inntekter fra fakturaer.\",\"breadcrumb\":{\"@id\":\"https:\/\/www.kohopsa.com\/no\/fakturering\/#breadcrumb\"},\"inLanguage\":\"nb-NO\",\"potentialAction\":[{\"@type\":\"ReadAction\",\"target\":[\"https:\/\/www.kohopsa.com\/no\/fakturering\/\"]}]},{\"@type\":\"BreadcrumbList\",\"@id\":\"https:\/\/www.kohopsa.com\/no\/fakturering\/#breadcrumb\",\"itemListElement\":[{\"@type\":\"ListItem\",\"position\":1,\"name\":\"Home\",\"item\":\"https:\/\/www.kohopsa.com\/no\/\"},{\"@type\":\"ListItem\",\"position\":2,\"name\":\"Fakturering\"}]},{\"@type\":\"WebSite\",\"@id\":\"https:\/\/www.kohopsa.com\/no\/#website\",\"url\":\"https:\/\/www.kohopsa.com\/no\/\",\"name\":\"Koho PSA\",\"description\":\"\",\"publisher\":{\"@id\":\"https:\/\/www.kohopsa.com\/no\/#organization\"},\"potentialAction\":[{\"@type\":\"SearchAction\",\"target\":{\"@type\":\"EntryPoint\",\"urlTemplate\":\"https:\/\/www.kohopsa.com\/no\/?s={search_term_string}\"},\"query-input\":{\"@type\":\"PropertyValueSpecification\",\"valueRequired\":true,\"valueName\":\"search_term_string\"}}],\"inLanguage\":\"nb-NO\"},{\"@type\":\"Organization\",\"@id\":\"https:\/\/www.kohopsa.com\/no\/#organization\",\"name\":\"Koho PSA\",\"url\":\"https:\/\/www.kohopsa.com\/no\/\",\"logo\":{\"@type\":\"ImageObject\",\"inLanguage\":\"nb-NO\",\"@id\":\"https:\/\/www.kohopsa.com\/no\/#\/schema\/logo\/image\/\",\"url\":\"https:\/\/www.kohopsa.com\/wp-content\/uploads\/2020\/09\/logo-full.png\",\"contentUrl\":\"https:\/\/www.kohopsa.com\/wp-content\/uploads\/2020\/09\/logo-full.png\",\"width\":260,\"height\":92,\"caption\":\"Koho PSA\"},\"image\":{\"@id\":\"https:\/\/www.kohopsa.com\/no\/#\/schema\/logo\/image\/\"}}]}<\/script>\n<!-- \/ Yoast SEO plugin. -->","yoast_head_json":{"title":"Automatisk fakturering for regnskapsfirmaer | Koho PSA","description":"Automatiser faktureringsprosessen til regnskapsfirmaet ditt og frigj\u00f8r tid til mer produktivt arbeid. Med Koho PSA unng\u00e5r du \u00e5 g\u00e5 glipp av inntekter fra fakturaer.","robots":{"index":"index","follow":"follow","max-snippet":"max-snippet:-1","max-image-preview":"max-image-preview:large","max-video-preview":"max-video-preview:-1"},"canonical":"https:\/\/www.kohopsa.com\/no\/fakturering\/","og_locale":"nb_NO","og_type":"article","og_title":"Automatisk fakturering for regnskapsfirmaer | Koho PSA","og_description":"Automatiser faktureringsprosessen til regnskapsfirmaet ditt og frigj\u00f8r tid til mer produktivt arbeid. Med Koho PSA unng\u00e5r du \u00e5 g\u00e5 glipp av inntekter fra fakturaer.","og_url":"https:\/\/www.kohopsa.com\/no\/fakturering\/","og_site_name":"Koho PSA","article_modified_time":"2024-11-15T07:51:57+00:00","twitter_card":"summary_large_image","schema":{"@context":"https:\/\/schema.org","@graph":[{"@type":"WebPage","@id":"https:\/\/www.kohopsa.com\/no\/fakturering\/","url":"https:\/\/www.kohopsa.com\/no\/fakturering\/","name":"Automatisk fakturering for regnskapsfirmaer | Koho PSA","isPartOf":{"@id":"https:\/\/www.kohopsa.com\/no\/#website"},"datePublished":"2020-10-13T06:15:25+00:00","dateModified":"2024-11-15T07:51:57+00:00","description":"Automatiser faktureringsprosessen til regnskapsfirmaet ditt og frigj\u00f8r tid til mer produktivt arbeid. Med Koho PSA unng\u00e5r du \u00e5 g\u00e5 glipp av inntekter fra fakturaer.","breadcrumb":{"@id":"https:\/\/www.kohopsa.com\/no\/fakturering\/#breadcrumb"},"inLanguage":"nb-NO","potentialAction":[{"@type":"ReadAction","target":["https:\/\/www.kohopsa.com\/no\/fakturering\/"]}]},{"@type":"BreadcrumbList","@id":"https:\/\/www.kohopsa.com\/no\/fakturering\/#breadcrumb","itemListElement":[{"@type":"ListItem","position":1,"name":"Home","item":"https:\/\/www.kohopsa.com\/no\/"},{"@type":"ListItem","position":2,"name":"Fakturering"}]},{"@type":"WebSite","@id":"https:\/\/www.kohopsa.com\/no\/#website","url":"https:\/\/www.kohopsa.com\/no\/","name":"Koho PSA","description":"","publisher":{"@id":"https:\/\/www.kohopsa.com\/no\/#organization"},"potentialAction":[{"@type":"SearchAction","target":{"@type":"EntryPoint","urlTemplate":"https:\/\/www.kohopsa.com\/no\/?s={search_term_string}"},"query-input":{"@type":"PropertyValueSpecification","valueRequired":true,"valueName":"search_term_string"}}],"inLanguage":"nb-NO"},{"@type":"Organization","@id":"https:\/\/www.kohopsa.com\/no\/#organization","name":"Koho PSA","url":"https:\/\/www.kohopsa.com\/no\/","logo":{"@type":"ImageObject","inLanguage":"nb-NO","@id":"https:\/\/www.kohopsa.com\/no\/#\/schema\/logo\/image\/","url":"https:\/\/www.kohopsa.com\/wp-content\/uploads\/2020\/09\/logo-full.png","contentUrl":"https:\/\/www.kohopsa.com\/wp-content\/uploads\/2020\/09\/logo-full.png","width":260,"height":92,"caption":"Koho PSA"},"image":{"@id":"https:\/\/www.kohopsa.com\/no\/#\/schema\/logo\/image\/"}}]}},"_links":{"self":[{"href":"https:\/\/www.kohopsa.com\/no\/wp-json\/wp\/v2\/pages\/5500","targetHints":{"allow":["GET"]}}],"collection":[{"href":"https:\/\/www.kohopsa.com\/no\/wp-json\/wp\/v2\/pages"}],"about":[{"href":"https:\/\/www.kohopsa.com\/no\/wp-json\/wp\/v2\/types\/page"}],"author":[{"embeddable":true,"href":"https:\/\/www.kohopsa.com\/no\/wp-json\/wp\/v2\/users\/9"}],"replies":[{"embeddable":true,"href":"https:\/\/www.kohopsa.com\/no\/wp-json\/wp\/v2\/comments?post=5500"}],"version-history":[{"count":2,"href":"https:\/\/www.kohopsa.com\/no\/wp-json\/wp\/v2\/pages\/5500\/revisions"}],"predecessor-version":[{"id":9388,"href":"https:\/\/www.kohopsa.com\/no\/wp-json\/wp\/v2\/pages\/5500\/revisions\/9388"}],"wp:attachment":[{"href":"https:\/\/www.kohopsa.com\/no\/wp-json\/wp\/v2\/media?parent=5500"}],"curies":[{"name":"wp","href":"https:\/\/api.w.org\/{rel}","templated":true}]}}