{"id":5507,"date":"2020-10-13T06:12:53","date_gmt":"2020-10-13T06:12:53","guid":{"rendered":"https:\/\/www.kohopsa.com\/project-management\/"},"modified":"2024-11-15T10:48:30","modified_gmt":"2024-11-15T07:48:30","slug":"prosjektledelse","status":"publish","type":"page","link":"https:\/\/www.kohopsa.com\/no\/prosjektledelse\/","title":{"rendered":"Prosjektledelse"},"content":{"rendered":"\n\n\n\n<div id=\"\" class=\"l-container wp-block-acf-container wp-block-acf-container-base alignfull   container-block_500ebac764eb52350ce737b50352a80b  l-pad-top l-pad-bottom has-bg\">\n  <style>\n      <\/style>\n\n\n  \n      <div class=\"l-container__bg bg-center-bottom \">\n                            <picture>\n                        <source sizes=\"auto\" srcset=\"https:\/\/www.kohopsa.com\/wp-content\/uploads\/2021\/10\/project-hero-2.png 1200w, https:\/\/www.kohopsa.com\/wp-content\/uploads\/2021\/10\/project-hero-2-640x336.png 640w, https:\/\/www.kohopsa.com\/wp-content\/uploads\/2021\/10\/project-hero-2-1024x538.png 1024w, https:\/\/www.kohopsa.com\/wp-content\/uploads\/2021\/10\/project-hero-2-768x403.png 768w\" type=\"image\/jpeg\">\n            <img decoding=\"async\" src=\"https:\/\/www.kohopsa.com\/wp-content\/uploads\/2021\/10\/project-hero-2-1024x538.png\" class=\"cover bg-container-block_500ebac764eb52350ce737b50352a80b-0\" \/>\n          <\/picture>\n          <style>\n\n          @media (max-width: 39.9375em) {\n            .l-container__bg img.bg-container-block_500ebac764eb52350ce737b50352a80b-0 {\n                          }\n          }\n            @media (min-width: 40em) {\n              .l-container__bg img.bg-container-block_500ebac764eb52350ce737b50352a80b-0 {\n                              }\n            }\n          <\/style>\n                          <div class=\"l-container__bg--overlay\" style=\"background-color: ; opacity: 1;\"><\/div>\n      <\/div>\n    \n  <div class=\"l-inside alignwide\">\n    <div class=\"l-row  l-justify--start l-row--center l-row--left-right  \">\n    <div class=\"l-row__bg \">\n        <div class=\"l-row__bg--overlay\" style=\"background-color: ; opacity: 1;\"><\/div>\n  <\/div>\n  \n          <div class=\"l-s-12 l-content-column  l-l-6 l-m-6 l-row--start l-justify--center content-0 content-container-block_500ebac764eb52350ce737b50352a80b-0 has-bg    \" >\n      <style>\n        .content-container-block_500ebac764eb52350ce737b50352a80b-0 > svg {\n          fill: #f19220;\n        }\n              <\/style>\n            <div class=\"l-content__bg \">\n                <div class=\"l-content__bg--overlay \" style=\"background-color: #ffffff; opacity: 0.6;\"><\/div>\n      <\/div>\n\n\n                  <h1>Prosjektledelsesverkt\u00f8y for regnskapsbyr\u00e5er<\/h1>\n<p>Ja, regnskapsbyr\u00e5er har ogs\u00e5 prosjekter (<a href=\"https:\/\/www.kohopsa.com\/articles\/do-accounting-firms-have-projects\/\">les bloggen v\u00e5r<\/a>) og kan ha stor nytte av et godt verkt\u00f8y for prosjektledelse.<\/p>\n\n              <div class=\"button-container l-justify--start\">\n                        <a href=\"https:\/\/www.kohopsa.com\/no\/be-om-mote\/\" class=\"button default \" >\n                Be om demonstrasjon                              <\/a>\n                          <a href=\"https:\/\/www.kohopsa.com\/no\/priser\/\" class=\"button button--text \" >\n                Se pakker                                  <svg><use xlink:href=\"#t-arrow\" \/><\/svg>\n                              <\/a>\n                    <\/div>\n                <\/div>\n  \n\n          \n                  <\/div> \n      \n  <\/div>\n\n<\/div>\n\n\n\n\n\n\n<div id=\"\" class=\"l-container wp-block-acf-container wp-block-acf-container-base alignfull   container-block_a431dae1eb875809fed4d51d621755ec  l-pad-top l-pad-bottom has-bg\">\n  <style>\n      <\/style>\n\n\n  \n      <div class=\"l-container__bg bg-center-center \">\n                <div class=\"l-container__bg--overlay\" style=\"background-color: ; opacity: 1;\"><\/div>\n      <\/div>\n    \n  <div class=\"l-inside alignwide\">\n    <div class=\"l-row  l-justify--start l-row--start l-row--left-right  \">\n    <div class=\"l-row__bg \">\n        <div class=\"l-row__bg--overlay\" style=\"background-color: ; opacity: 1;\"><\/div>\n  <\/div>\n  \n          <div class=\"l-s-12 l-content-column  l-l-6 l-m-6 l-row--start l-justify--start content-0 content-container-block_a431dae1eb875809fed4d51d621755ec-0     \" >\n      <style>\n        .content-container-block_a431dae1eb875809fed4d51d621755ec-0 > svg {\n          fill: #f19220;\n        }\n              <\/style>\n            <div class=\"l-content__bg \">\n                <div class=\"l-content__bg--overlay \" style=\"background-color: ; opacity: 1;\"><\/div>\n      <\/div>\n\n\n                  <h2>Kort oppsummering av prosjektledelse i Koho PSA<\/h2>\n<p>Koho PSAs verkt\u00f8y for prosjekledelse forenkler disse oppgavene. Du f\u00e5r oversikt over tidsplanen til prosjektene, ressursbruk og l\u00f8nnsomhet. Verkt\u00f8yet gir deg kontroll og mulighet til \u00e5 administrere arbeidet og ressursene mer effektivt.<\/p>\n<p>En av de vanligste typene prosjekter i regnskapsbyr\u00e5er er <strong>onboarding av kunder<\/strong>. Med prosjektledelsesverkt\u00f8yet til Koho PSA f\u00e5r du full kontroll over hva som m\u00e5 gj\u00f8res n\u00e5r, og hvem som har ansvar for de forskjellige fasene av prosjektet. Slik blir det lettere \u00e5 gi kunden en god opplevelse.<\/p>\n<p>For \u00e5 gj\u00f8re det enklere for deg har Koho PSA ferdige prosjektmaler utviklet spesielt for behovene i regnskapsbyr\u00e5er.<\/p>\n\n                <\/div>\n          <div class=\"l-s-12 l-content-column  l-l-6 l-m-6 l-row--start l-justify--start content-1 content-container-block_a431dae1eb875809fed4d51d621755ec-1  has-bg--fill  l-stretch-self  \" >\n      <style>\n        .content-container-block_a431dae1eb875809fed4d51d621755ec-1 > svg {\n          fill: #f19220;\n        }\n              <\/style>\n            <div class=\"l-content__bg l-content__bg--fill-block\">\n                <div class=\"l-content__bg--overlay \" style=\"background-color: ; opacity: 1;\"><\/div>\n      <\/div>\n\n\n                  <p><img decoding=\"async\" class=\"alignnone size-medium wp-image-4553\" src=\"https:\/\/www.kohopsa.com\/wp-content\/uploads\/2021\/10\/project-hero-640x336.png\" alt=\"\" width=\"640\" height=\"336\" srcset=\"https:\/\/www.kohopsa.com\/wp-content\/uploads\/2021\/10\/project-hero-640x336.png 640w, https:\/\/www.kohopsa.com\/wp-content\/uploads\/2021\/10\/project-hero-1024x538.png 1024w, https:\/\/www.kohopsa.com\/wp-content\/uploads\/2021\/10\/project-hero-768x403.png 768w, https:\/\/www.kohopsa.com\/wp-content\/uploads\/2021\/10\/project-hero.png 1200w\" sizes=\"(max-width: 640px) 100vw, 640px\" \/><\/p>\n\n                <\/div>\n  \n\n          \n                  <\/div> \n      \n  <\/div>\n\n<\/div>\n\n\n\n\n\n\n<div id=\"\" class=\"l-container wp-block-acf-container wp-block-acf-container-base alignfull   container-block_4c498231c998a23485740a997e4bdef6  l-pad-top l-pad-bottom has-bg\">\n  <style>\n      <\/style>\n\n\n  \n      <div class=\"l-container__bg bg-center-center \">\n                <div class=\"l-container__bg--overlay\" style=\"background-color: #f5f3f1; opacity: 1;\"><\/div>\n      <\/div>\n    \n  <div class=\"l-inside alignwide\">\n    <div class=\"l-row  l-justify--center l-row--stretch l-row--left-right  \">\n    <div class=\"l-row__bg \">\n        <div class=\"l-row__bg--overlay\" style=\"background-color: ; opacity: 1;\"><\/div>\n  <\/div>\n  \n          <div class=\"l-s-12 l-content-column  l-l-9 l-m-12 l-row--start l-justify--start content-0 content-container-block_4c498231c998a23485740a997e4bdef6-0     \" >\n      <style>\n        .content-container-block_4c498231c998a23485740a997e4bdef6-0 > svg {\n          fill: #f19220;\n        }\n              <\/style>\n            <div class=\"l-content__bg \">\n                <div class=\"l-content__bg--overlay \" style=\"background-color: ; opacity: 1;\"><\/div>\n      <\/div>\n\n\n                  <h2 style=\"text-align: center;\"><span style=\"color: #f19220;\">Hva kan du bruke prosjektledelsesverkt\u00f8yet til?<\/span><\/h2>\n<p style=\"text-align: center;\">Du kan ogs\u00e5 bruke verkt\u00f8yet til komplisert prosjektledelse, og kostnadene forblir uansett lave. Det er viktig for oss \u00e5 holde prisen for Koho PSA p\u00e5 et rimelig niv\u00e5, slik at du f\u00e5r sv\u00e6rt god valuta for pengene.<\/p>\n<p>&nbsp;<\/p>\n\n                <\/div>\n          <div class=\"l-s-12 l-content-column  l-l-4 l-m-6 l-row--start l-justify--start content-1 content-container-block_4c498231c998a23485740a997e4bdef6-1    padding-large \" >\n      <style>\n        .content-container-block_4c498231c998a23485740a997e4bdef6-1 > svg {\n          fill: #f19220;\n        }\n              <\/style>\n            <div class=\"l-content__bg \">\n                <div class=\"l-content__bg--overlay \" style=\"background-color: ; opacity: 1;\"><\/div>\n      <\/div>\n\n\n                  <h3 style=\"text-align: center;\">Planlegging og budsjettering<\/h3>\n<p style=\"text-align: center;\">Opprett n\u00f8dvendige faser eller underprosjekter. Du kan ogs\u00e5 lage egne budsjetter og tidsplaner for disse etter behov. Du kan oppsummere et prosjekt i en hierarkisk visning, som et Gantt-diagram eller i en kanban-visning.<\/p>\n\n                <\/div>\n          <div class=\"l-s-12 l-content-column  l-l-4 l-m-6 l-row--start l-justify--start content-2 content-container-block_4c498231c998a23485740a997e4bdef6-2  has-bg--fill  l-stretch-self padding-large \" >\n      <style>\n        .content-container-block_4c498231c998a23485740a997e4bdef6-2 > svg {\n          fill: #f19220;\n        }\n              <\/style>\n            <div class=\"l-content__bg l-content__bg--fill-block\">\n                <div class=\"l-content__bg--overlay \" style=\"background-color: ; opacity: 1;\"><\/div>\n      <\/div>\n\n\n                  <h3 style=\"text-align: center;\">Lett \u00e5 opprette prosjekter<\/h3>\n<p style=\"text-align: center;\">Opprett et prosjekt p\u00e5 grunnlag av et anbud eller ved hjelp av forh\u00e5ndsdefinerte maler. Det tar mindre enn et minutt \u00e5 opprette et prosjekt, som du siden kan oppdatere n\u00e5r det trengs. Du kan ogs\u00e5 bruke et eksisterende prosjekt som grunnlag for nye prosjekter.<\/p>\n\n                <\/div>\n          <div class=\"l-s-12 l-content-column  l-l-4 l-m-6 l-row--start l-justify--start content-3 content-container-block_4c498231c998a23485740a997e4bdef6-3    padding-large \" >\n      <style>\n        .content-container-block_4c498231c998a23485740a997e4bdef6-3 > svg {\n          fill: #f19220;\n        }\n              <\/style>\n            <div class=\"l-content__bg \">\n                <div class=\"l-content__bg--overlay \" style=\"background-color: ; opacity: 1;\"><\/div>\n      <\/div>\n\n\n                  <h3 style=\"text-align: center;\">Riktig ressursbruk<\/h3>\n<p style=\"text-align: center;\">Koho PSA gj\u00f8r det mulig \u00e5 dra nytte av rapporter som viser arbeidsmengde, og fordele ressursene p\u00e5 hvert prosjekt ved hjelp av registrert tidsbruk og oppgavelister. Slik s\u00f8rger du for at riktige medarbeidere blir tildelt riktige oppgaver, og at arbeidet fordeles p\u00e5 en rettferdig m\u00e5te.<\/p>\n\n                <\/div>\n          <div class=\"l-s-12 l-content-column  l-l-4 l-m-6 l-row--start l-justify--start content-4 content-container-block_4c498231c998a23485740a997e4bdef6-4    padding-large \" >\n      <style>\n        .content-container-block_4c498231c998a23485740a997e4bdef6-4 > svg {\n          fill: #f19220;\n        }\n              <\/style>\n            <div class=\"l-content__bg \">\n                <div class=\"l-content__bg--overlay \" style=\"background-color: ; opacity: 1;\"><\/div>\n      <\/div>\n\n\n                  <h3 style=\"text-align: center;\">Samarbeid<\/h3>\n<p style=\"text-align: center;\">Ved behov kan du opprette et felles omr\u00e5de for samarbeid med kunden, der dere kan kommunisere om prosjektet og dele relevante filer. Der kan du ogs\u00e5 blant annet dele informasjon om fremdriften i prosjektet med kunden.<\/p>\n\n                <\/div>\n          <div class=\"l-s-12 l-content-column  l-l-4 l-m-6 l-row--start l-justify--start content-5 content-container-block_4c498231c998a23485740a997e4bdef6-5    padding-large \" >\n      <style>\n        .content-container-block_4c498231c998a23485740a997e4bdef6-5 > svg {\n          fill: #f19220;\n        }\n              <\/style>\n            <div class=\"l-content__bg \">\n                <div class=\"l-content__bg--overlay \" style=\"background-color: ; opacity: 1;\"><\/div>\n      <\/div>\n\n\n                  <h3 style=\"text-align: center;\">Sporing og fakturering<\/h3>\n<p style=\"text-align: center;\">Informasjon knyttet til et prosjekt er knyttet sammen, og ved hjelp av en bestilling kan du opprette en faktura med et tastetrykk. Du kan enkelt f\u00e5 oppdatert informasjon, slik at du kan overv\u00e5ke og sammenligne prosjektets l\u00f8nnsomhet, fremdrift og andre viktige faktorer. Med Koho PSA f\u00e5r du ogs\u00e5 prosjektspesifikk automatisk fakturaspesifikasjon.<\/p>\n\n                <\/div>\n  \n\n          \n                  <\/div> \n      \n  <\/div>\n\n<\/div>\n\n\n\n<p><\/p>\n","protected":false},"excerpt":{"rendered":"","protected":false},"author":9,"featured_media":0,"parent":0,"menu_order":0,"comment_status":"closed","ping_status":"closed","template":"","meta":{"_acf_changed":false,"footnotes":""},"class_list":["post-5507","page","type-page","status-publish","hentry"],"acf":[],"yoast_head":"<!-- This site is optimized with the Yoast SEO plugin v27.0 - https:\/\/yoast.com\/product\/yoast-seo-wordpress\/ -->\n<title>Prosjektledelsesverkt\u00f8y for regnskapsbyr\u00e5er | Koho PSA<\/title>\n<meta name=\"description\" content=\"Koho PSAs prosjektledelsesverkt\u00f8y for regnskapsbyr\u00e5er gj\u00f8r det enklere \u00e5 f\u00f8lge med p\u00e5 arbeidsplaner og ressursbruk i onboardingprosjekter.\" \/>\n<meta name=\"robots\" content=\"index, follow, max-snippet:-1, max-image-preview:large, max-video-preview:-1\" \/>\n<link rel=\"canonical\" href=\"https:\/\/www.kohopsa.com\/no\/prosjektledelse\/\" \/>\n<meta property=\"og:locale\" content=\"nb_NO\" \/>\n<meta property=\"og:type\" content=\"article\" \/>\n<meta property=\"og:title\" content=\"Prosjektledelsesverkt\u00f8y for regnskapsbyr\u00e5er | Koho PSA\" \/>\n<meta property=\"og:description\" content=\"Koho PSAs prosjektledelsesverkt\u00f8y for regnskapsbyr\u00e5er gj\u00f8r det enklere \u00e5 f\u00f8lge med p\u00e5 arbeidsplaner og ressursbruk i onboardingprosjekter.\" \/>\n<meta property=\"og:url\" content=\"https:\/\/www.kohopsa.com\/no\/prosjektledelse\/\" \/>\n<meta property=\"og:site_name\" content=\"Koho PSA\" \/>\n<meta property=\"article:modified_time\" content=\"2024-11-15T07:48:30+00:00\" \/>\n<meta name=\"twitter:card\" content=\"summary_large_image\" \/>\n<script type=\"application\/ld+json\" class=\"yoast-schema-graph\">{\"@context\":\"https:\/\/schema.org\",\"@graph\":[{\"@type\":\"WebPage\",\"@id\":\"https:\/\/www.kohopsa.com\/no\/prosjektledelse\/\",\"url\":\"https:\/\/www.kohopsa.com\/no\/prosjektledelse\/\",\"name\":\"Prosjektledelsesverkt\u00f8y for regnskapsbyr\u00e5er | Koho PSA\",\"isPartOf\":{\"@id\":\"https:\/\/www.kohopsa.com\/no\/#website\"},\"datePublished\":\"2020-10-13T06:12:53+00:00\",\"dateModified\":\"2024-11-15T07:48:30+00:00\",\"description\":\"Koho PSAs prosjektledelsesverkt\u00f8y for regnskapsbyr\u00e5er gj\u00f8r det enklere \u00e5 f\u00f8lge med p\u00e5 arbeidsplaner og ressursbruk i onboardingprosjekter.\",\"breadcrumb\":{\"@id\":\"https:\/\/www.kohopsa.com\/no\/prosjektledelse\/#breadcrumb\"},\"inLanguage\":\"nb-NO\",\"potentialAction\":[{\"@type\":\"ReadAction\",\"target\":[\"https:\/\/www.kohopsa.com\/no\/prosjektledelse\/\"]}]},{\"@type\":\"BreadcrumbList\",\"@id\":\"https:\/\/www.kohopsa.com\/no\/prosjektledelse\/#breadcrumb\",\"itemListElement\":[{\"@type\":\"ListItem\",\"position\":1,\"name\":\"Home\",\"item\":\"https:\/\/www.kohopsa.com\/no\/\"},{\"@type\":\"ListItem\",\"position\":2,\"name\":\"Prosjektledelse\"}]},{\"@type\":\"WebSite\",\"@id\":\"https:\/\/www.kohopsa.com\/no\/#website\",\"url\":\"https:\/\/www.kohopsa.com\/no\/\",\"name\":\"Koho PSA\",\"description\":\"\",\"publisher\":{\"@id\":\"https:\/\/www.kohopsa.com\/no\/#organization\"},\"potentialAction\":[{\"@type\":\"SearchAction\",\"target\":{\"@type\":\"EntryPoint\",\"urlTemplate\":\"https:\/\/www.kohopsa.com\/no\/?s={search_term_string}\"},\"query-input\":{\"@type\":\"PropertyValueSpecification\",\"valueRequired\":true,\"valueName\":\"search_term_string\"}}],\"inLanguage\":\"nb-NO\"},{\"@type\":\"Organization\",\"@id\":\"https:\/\/www.kohopsa.com\/no\/#organization\",\"name\":\"Koho PSA\",\"url\":\"https:\/\/www.kohopsa.com\/no\/\",\"logo\":{\"@type\":\"ImageObject\",\"inLanguage\":\"nb-NO\",\"@id\":\"https:\/\/www.kohopsa.com\/no\/#\/schema\/logo\/image\/\",\"url\":\"https:\/\/www.kohopsa.com\/wp-content\/uploads\/2020\/09\/logo-full.png\",\"contentUrl\":\"https:\/\/www.kohopsa.com\/wp-content\/uploads\/2020\/09\/logo-full.png\",\"width\":260,\"height\":92,\"caption\":\"Koho PSA\"},\"image\":{\"@id\":\"https:\/\/www.kohopsa.com\/no\/#\/schema\/logo\/image\/\"}}]}<\/script>\n<!-- \/ Yoast SEO plugin. -->","yoast_head_json":{"title":"Prosjektledelsesverkt\u00f8y for regnskapsbyr\u00e5er | Koho PSA","description":"Koho PSAs prosjektledelsesverkt\u00f8y for regnskapsbyr\u00e5er gj\u00f8r det enklere \u00e5 f\u00f8lge med p\u00e5 arbeidsplaner og ressursbruk i onboardingprosjekter.","robots":{"index":"index","follow":"follow","max-snippet":"max-snippet:-1","max-image-preview":"max-image-preview:large","max-video-preview":"max-video-preview:-1"},"canonical":"https:\/\/www.kohopsa.com\/no\/prosjektledelse\/","og_locale":"nb_NO","og_type":"article","og_title":"Prosjektledelsesverkt\u00f8y for regnskapsbyr\u00e5er | Koho PSA","og_description":"Koho PSAs prosjektledelsesverkt\u00f8y for regnskapsbyr\u00e5er gj\u00f8r det enklere \u00e5 f\u00f8lge med p\u00e5 arbeidsplaner og ressursbruk i onboardingprosjekter.","og_url":"https:\/\/www.kohopsa.com\/no\/prosjektledelse\/","og_site_name":"Koho PSA","article_modified_time":"2024-11-15T07:48:30+00:00","twitter_card":"summary_large_image","schema":{"@context":"https:\/\/schema.org","@graph":[{"@type":"WebPage","@id":"https:\/\/www.kohopsa.com\/no\/prosjektledelse\/","url":"https:\/\/www.kohopsa.com\/no\/prosjektledelse\/","name":"Prosjektledelsesverkt\u00f8y for regnskapsbyr\u00e5er | Koho PSA","isPartOf":{"@id":"https:\/\/www.kohopsa.com\/no\/#website"},"datePublished":"2020-10-13T06:12:53+00:00","dateModified":"2024-11-15T07:48:30+00:00","description":"Koho PSAs prosjektledelsesverkt\u00f8y for regnskapsbyr\u00e5er gj\u00f8r det enklere \u00e5 f\u00f8lge med p\u00e5 arbeidsplaner og ressursbruk i onboardingprosjekter.","breadcrumb":{"@id":"https:\/\/www.kohopsa.com\/no\/prosjektledelse\/#breadcrumb"},"inLanguage":"nb-NO","potentialAction":[{"@type":"ReadAction","target":["https:\/\/www.kohopsa.com\/no\/prosjektledelse\/"]}]},{"@type":"BreadcrumbList","@id":"https:\/\/www.kohopsa.com\/no\/prosjektledelse\/#breadcrumb","itemListElement":[{"@type":"ListItem","position":1,"name":"Home","item":"https:\/\/www.kohopsa.com\/no\/"},{"@type":"ListItem","position":2,"name":"Prosjektledelse"}]},{"@type":"WebSite","@id":"https:\/\/www.kohopsa.com\/no\/#website","url":"https:\/\/www.kohopsa.com\/no\/","name":"Koho PSA","description":"","publisher":{"@id":"https:\/\/www.kohopsa.com\/no\/#organization"},"potentialAction":[{"@type":"SearchAction","target":{"@type":"EntryPoint","urlTemplate":"https:\/\/www.kohopsa.com\/no\/?s={search_term_string}"},"query-input":{"@type":"PropertyValueSpecification","valueRequired":true,"valueName":"search_term_string"}}],"inLanguage":"nb-NO"},{"@type":"Organization","@id":"https:\/\/www.kohopsa.com\/no\/#organization","name":"Koho PSA","url":"https:\/\/www.kohopsa.com\/no\/","logo":{"@type":"ImageObject","inLanguage":"nb-NO","@id":"https:\/\/www.kohopsa.com\/no\/#\/schema\/logo\/image\/","url":"https:\/\/www.kohopsa.com\/wp-content\/uploads\/2020\/09\/logo-full.png","contentUrl":"https:\/\/www.kohopsa.com\/wp-content\/uploads\/2020\/09\/logo-full.png","width":260,"height":92,"caption":"Koho PSA"},"image":{"@id":"https:\/\/www.kohopsa.com\/no\/#\/schema\/logo\/image\/"}}]}},"_links":{"self":[{"href":"https:\/\/www.kohopsa.com\/no\/wp-json\/wp\/v2\/pages\/5507","targetHints":{"allow":["GET"]}}],"collection":[{"href":"https:\/\/www.kohopsa.com\/no\/wp-json\/wp\/v2\/pages"}],"about":[{"href":"https:\/\/www.kohopsa.com\/no\/wp-json\/wp\/v2\/types\/page"}],"author":[{"embeddable":true,"href":"https:\/\/www.kohopsa.com\/no\/wp-json\/wp\/v2\/users\/9"}],"replies":[{"embeddable":true,"href":"https:\/\/www.kohopsa.com\/no\/wp-json\/wp\/v2\/comments?post=5507"}],"version-history":[{"count":2,"href":"https:\/\/www.kohopsa.com\/no\/wp-json\/wp\/v2\/pages\/5507\/revisions"}],"predecessor-version":[{"id":9386,"href":"https:\/\/www.kohopsa.com\/no\/wp-json\/wp\/v2\/pages\/5507\/revisions\/9386"}],"wp:attachment":[{"href":"https:\/\/www.kohopsa.com\/no\/wp-json\/wp\/v2\/media?parent=5507"}],"curies":[{"name":"wp","href":"https:\/\/api.w.org\/{rel}","templated":true}]}}