{"id":5524,"date":"2020-10-09T11:25:01","date_gmt":"2020-10-09T11:25:01","guid":{"rendered":"https:\/\/www.kohopsa.com\/why-koho\/"},"modified":"2024-11-15T10:42:17","modified_gmt":"2024-11-15T07:42:17","slug":"hvorfor-velge-koho-psa","status":"publish","type":"page","link":"https:\/\/www.kohopsa.com\/no\/hvorfor-velge-koho-psa\/","title":{"rendered":"Hvorfor velge Koho?"},"content":{"rendered":"\n\n\n\n<div id=\"\" class=\"l-container wp-block-acf-container wp-block-acf-container-base alignfull   container-block_a5a6f0f4fba20178ee590c75578a9b1a  l-pad-top l-pad-bottom has-bg\">\n  <style>\n      <\/style>\n\n\n  \n      <div class=\"l-container__bg bg-center-center \">\n                            <picture>\n                        <source sizes=\"auto\" srcset=\"https:\/\/www.kohopsa.com\/wp-content\/uploads\/2022\/11\/Na\u0308ytto\u0308kuva-2022-1-12-kello-11.51.28.png 2880w, https:\/\/www.kohopsa.com\/wp-content\/uploads\/2022\/11\/Na\u0308ytto\u0308kuva-2022-1-12-kello-11.51.28-640x400.png 640w, https:\/\/www.kohopsa.com\/wp-content\/uploads\/2022\/11\/Na\u0308ytto\u0308kuva-2022-1-12-kello-11.51.28-1024x640.png 1024w, https:\/\/www.kohopsa.com\/wp-content\/uploads\/2022\/11\/Na\u0308ytto\u0308kuva-2022-1-12-kello-11.51.28-768x480.png 768w, https:\/\/www.kohopsa.com\/wp-content\/uploads\/2022\/11\/Na\u0308ytto\u0308kuva-2022-1-12-kello-11.51.28-1536x960.png 1536w, https:\/\/www.kohopsa.com\/wp-content\/uploads\/2022\/11\/Na\u0308ytto\u0308kuva-2022-1-12-kello-11.51.28-2048x1280.png 2048w, https:\/\/www.kohopsa.com\/wp-content\/uploads\/2022\/11\/Na\u0308ytto\u0308kuva-2022-1-12-kello-11.51.28-1440x900.png 1440w, https:\/\/www.kohopsa.com\/wp-content\/uploads\/2022\/11\/Na\u0308ytto\u0308kuva-2022-1-12-kello-11.51.28-2560x1600.png 2560w\" type=\"image\/jpeg\">\n            <img decoding=\"async\" src=\"https:\/\/www.kohopsa.com\/wp-content\/uploads\/2022\/11\/Na\u0308ytto\u0308kuva-2022-1-12-kello-11.51.28-1024x640.png\" class=\"cover bg-container-block_a5a6f0f4fba20178ee590c75578a9b1a-0\" \/>\n          <\/picture>\n          <style>\n\n          @media (max-width: 39.9375em) {\n            .l-container__bg img.bg-container-block_a5a6f0f4fba20178ee590c75578a9b1a-0 {\n                          }\n          }\n            @media (min-width: 40em) {\n              .l-container__bg img.bg-container-block_a5a6f0f4fba20178ee590c75578a9b1a-0 {\n                              }\n            }\n          <\/style>\n                          <div class=\"l-container__bg--overlay\" style=\"background-color: #ffffff; opacity: 0.05;\"><\/div>\n      <\/div>\n    \n  <div class=\"l-inside alignwide\">\n    <div class=\"l-row  l-justify--start l-row--center l-row--left-right  \">\n    <div class=\"l-row__bg \">\n        <div class=\"l-row__bg--overlay\" style=\"background-color: ; opacity: 1;\"><\/div>\n  <\/div>\n  \n          <div class=\"l-s-12 l-content-column  l-l-6 l-m-6 l-row--start l-justify--center content-0 content-container-block_a5a6f0f4fba20178ee590c75578a9b1a-0 has-bg    \" >\n      <style>\n        .content-container-block_a5a6f0f4fba20178ee590c75578a9b1a-0 > svg {\n          fill: #f19220;\n        }\n              <\/style>\n            <div class=\"l-content__bg \">\n                <div class=\"l-content__bg--overlay \" style=\"background-color: #ffffff; opacity: 0.73;\"><\/div>\n      <\/div>\n\n\n                  <h1>Et allsidig verkt\u00f8y som \u00f8ker l\u00f8nnsomheten i regnskapsbyr\u00e5et<\/h1>\n\n                <\/div>\n  \n\n          \n                  <\/div> \n      \n  <\/div>\n\n<\/div>\n\n\n\n\n\n\n<div id=\"\" class=\"l-container wp-block-acf-container wp-block-acf-container-base alignfull   container-block_9c11027a1e997fcc57ff040e06da5e7c  l-pad-top l-pad-bottom has-bg\">\n  <style>\n      <\/style>\n\n\n  \n      <div class=\"l-container__bg bg-center-center \">\n                <div class=\"l-container__bg--overlay\" style=\"background-color: #ffffff; opacity: 1;\"><\/div>\n      <\/div>\n    \n  <div class=\"l-inside alignwide\">\n    <div class=\"l-row  l-justify--center l-row--center l-row--left-right  \">\n    <div class=\"l-row__bg \">\n        <div class=\"l-row__bg--overlay\" style=\"background-color: ; opacity: 1;\"><\/div>\n  <\/div>\n  \n          <div class=\"l-s-12 l-content-column  l-l-12 l-m-12 l-row--center l-justify--center content-0 content-container-block_9c11027a1e997fcc57ff040e06da5e7c-0 has-bg    \" >\n      <style>\n        .content-container-block_9c11027a1e997fcc57ff040e06da5e7c-0 > svg {\n          fill: ;\n        }\n              <\/style>\n            <div class=\"l-content__bg \">\n                <div class=\"l-content__bg--overlay \" style=\"background-color: #ffffff; opacity: 1;\"><\/div>\n      <\/div>\n\n\n                  <h2 style=\"text-align: center;\">Hvem er Koho PSA laget for?<\/h2>\n<p style=\"text-align: center;\">Koho PSA er en praktisk skybasert tjeneste som gj\u00f8r det mulig \u00e5 registrere tidsbruk, administrere arbeidsoppgaver, planlegge ressursbruk og automatisere fakturering. Systemet er utviklet spesielt for behovene i regnskapsbyr\u00e5er. Programvaren har vunnet tilliten til b\u00e5de store og sm\u00e5 virksomheter i finanssektoren.<\/p>\n<p style=\"text-align: center;\">Koho PSA er i stadig utvikling, og som en liten og fleksibel utvikler kan vi tilpasse programvaren slik at den passer til behovene i bedriften din. Vi legger regelmessig til nye funksjoner, takket v\u00e6re verdifulle tilbakemeldinger fra kundene. Det er enkelt \u00e5 f\u00e5 kontakt med medarbeiderne v\u00e5re, og de hjelper deg gjerne \u2013 ogs\u00e5 med skreddersydde l\u00f8sninger.<\/p>\n<p style=\"text-align: center;\"><strong>La ekspertene v\u00e5re fortelle deg mer om fordelene med Koho PSA og gi deg en oversikt over programvaren.<\/strong><\/p>\n<p>&nbsp;<\/p>\n\n              <div class=\"button-container l-justify--center\">\n                        <a href=\"https:\/\/www.kohopsa.com\/no\/be-om-mote\/\" class=\"button default \" >\n                Bestill en gratis demonstrasjon                              <\/a>\n                    <\/div>\n                <\/div>\n  \n\n          \n                  <\/div> \n      \n  <\/div>\n\n<\/div>\n\n\n\n\n\n\n<div id=\"\" class=\"l-container wp-block-acf-container wp-block-acf-container-base alignfull   container-block_e311f39d7a9026116578a8a054be3201  l-pad-top l-pad-bottom has-bg\">\n  <style>\n      <\/style>\n\n\n  \n      <div class=\"l-container__bg bg-center-center \">\n                <div class=\"l-container__bg--overlay\" style=\"background-color: ; opacity: 1;\"><\/div>\n      <\/div>\n    \n  <div class=\"l-inside alignwide\">\n    <div class=\"l-row  l-justify--start l-row--start l-row--left-right  \">\n    <div class=\"l-row__bg \">\n        <div class=\"l-row__bg--overlay\" style=\"background-color: ; opacity: 1;\"><\/div>\n  <\/div>\n  \n          <div class=\"l-s-12 l-content-column  l-l-12 l-m-12 l-row--start l-justify--start content-0 content-container-block_e311f39d7a9026116578a8a054be3201-0  has-icon--left   icon--large\" >\n      <style>\n        .content-container-block_e311f39d7a9026116578a8a054be3201-0 > svg {\n          fill: #f09122;\n        }\n              <\/style>\n            <div class=\"l-content__bg \">\n                <div class=\"l-content__bg--overlay \" style=\"background-color: ; opacity: 1;\"><\/div>\n      <\/div>\n\n\n                              <!-- Generated by IcoMoon.io -->\n<svg version=\"1.1\" xmlns=\"http:\/\/www.w3.org\/2000\/svg\" width=\"32\" height=\"32\" viewBox=\"0 0 32 32\">\n<title>quote<\/title>\n<path d=\"M16 32c8.822 0 16-7.178 16-16s-7.178-16-16-16-16 7.178-16 16 7.178 16 16 16zM16 1c8.271 0 15 6.729 15 15s-6.729 15-15 15-15-6.729-15-15 6.729-15 15-15zM10.734 13.646c0.507 0.165 1.034 0.089 1.531-0.222 0.233-0.146 0.305-0.455 0.158-0.689s-0.454-0.305-0.689-0.158c-0.241 0.15-0.473 0.188-0.688 0.119-0.229-0.075-0.445-0.268-0.626-0.558-0.162-0.258-0.214-0.564-0.146-0.861 0.069-0.298 0.249-0.55 0.508-0.712 0.618-0.39 1.422-0.167 1.943 0.224 0.881 0.659 1.275 1.805 1.275 3.711 0 2.814-1.28 6.313-3.727 7.554-0.246 0.125-0.345 0.426-0.22 0.673 0.090 0.173 0.265 0.273 0.447 0.273 0.076 0 0.153-0.018 0.227-0.054 2.935-1.489 4.273-5.423 4.273-8.446 0-2.222-0.532-3.655-1.675-4.512-0.952-0.717-2.188-0.824-3.073-0.271-0.485 0.303-0.823 0.777-0.951 1.335s-0.032 1.132 0.271 1.616c0.307 0.49 0.708 0.828 1.162 0.978zM18.734 13.646c0.506 0.165 1.034 0.089 1.531-0.222 0.233-0.146 0.305-0.455 0.158-0.689s-0.454-0.305-0.689-0.158c-0.24 0.15-0.473 0.188-0.688 0.119-0.229-0.075-0.445-0.268-0.626-0.558-0.162-0.258-0.214-0.564-0.146-0.861 0.069-0.298 0.249-0.55 0.508-0.712 0.619-0.39 1.423-0.167 1.943 0.224 0.881 0.659 1.275 1.805 1.275 3.711 0 2.814-1.28 6.313-3.727 7.554-0.246 0.125-0.345 0.426-0.22 0.673 0.090 0.173 0.265 0.273 0.447 0.273 0.076 0 0.153-0.018 0.227-0.054 2.935-1.489 4.273-5.423 4.273-8.446 0-2.222-0.532-3.655-1.675-4.512-0.952-0.717-2.188-0.824-3.073-0.271-0.485 0.303-0.823 0.777-0.951 1.335-0.129 0.558-0.032 1.132 0.271 1.616 0.307 0.49 0.708 0.828 1.162 0.978z\"><\/path>\n<\/svg>\n            <p style=\"text-align: center; font-size: 150%;\"><em><span style=\"color: #000000;\">\u201cFor oss er det viktig \u00e5 kunne h\u00e5ndtere klientene v\u00e5re p\u00e5 en effektiv m\u00e5te og at prosessen er enkel. Koho PSA hjelper oss veldig ved \u00e5 organisere og str\u00f8mlinjeforme de daglige funksjonene v\u00e5re. Fakturering og registrering av tidsbruk er i ett og samme system, i tillegg til CRM. Det gj\u00f8r ting enklere.\u201d<\/span><\/em><\/p>\n<p style=\"text-align: center;\"><span style=\"color: #000000;\">\u2013 Juho Nyberg, Accountor Go<\/span><\/p>\n\n                <\/div>\n  \n\n          \n                  <\/div> \n      \n  <\/div>\n\n<\/div>\n\n\n\n\n\n\n<div id=\"\" class=\"l-container wp-block-acf-container wp-block-acf-container-base alignfull   container-block_398c399a2317fdc571164097f8ad5fe3  l-pad-top l-pad-bottom has-bg\">\n  <style>\n      <\/style>\n\n\n  \n      <div class=\"l-container__bg bg-center-top \">\n                <div class=\"l-container__bg--overlay\" style=\"background-color: ; opacity: 0.67;\"><\/div>\n      <\/div>\n    \n  <div class=\"l-inside alignwide\">\n    <div class=\"l-row  l-justify--start l-row--center l-row--left-right has-bg \">\n    <div class=\"l-row__bg \">\n        <div class=\"l-row__bg--overlay\" style=\"background-color: #d2eaf1; opacity: 1;\"><\/div>\n  <\/div>\n  \n          <div class=\"l-s-12 l-content-column  l-l-12 l-m-12 l-row--start l-justify--start content-0 content-container-block_398c399a2317fdc571164097f8ad5fe3-0     \" >\n      <style>\n        .content-container-block_398c399a2317fdc571164097f8ad5fe3-0 > svg {\n          fill: #f19220;\n        }\n              <\/style>\n            <div class=\"l-content__bg \">\n                <div class=\"l-content__bg--overlay \" style=\"background-color: ; opacity: 1;\"><\/div>\n      <\/div>\n\n\n                  <p>&nbsp;<\/p>\n<p>&nbsp;<\/p>\n\n                <\/div>\n          <div class=\"l-s-12 l-content-column  l-l-6 l-m-12 l-row--start l-justify--start content-1 content-container-block_398c399a2317fdc571164097f8ad5fe3-1     \" >\n      <style>\n        .content-container-block_398c399a2317fdc571164097f8ad5fe3-1 > svg {\n          fill: #f19220;\n        }\n              <\/style>\n            <div class=\"l-content__bg \">\n                <div class=\"l-content__bg--overlay \" style=\"background-color: ; opacity: 1;\"><\/div>\n      <\/div>\n\n\n                  <p><img decoding=\"async\" class=\"aligncenter wp-image-5111 size-medium\" src=\"https:\/\/www.kohopsa.com\/wp-content\/uploads\/2022\/08\/7-reasons-640x360.png\" alt=\"8 reasons why choose Koho PSA\" width=\"640\" height=\"360\" srcset=\"https:\/\/www.kohopsa.com\/wp-content\/uploads\/2022\/08\/7-reasons-640x360.png 640w, https:\/\/www.kohopsa.com\/wp-content\/uploads\/2022\/08\/7-reasons-1024x576.png 1024w, https:\/\/www.kohopsa.com\/wp-content\/uploads\/2022\/08\/7-reasons-768x432.png 768w, https:\/\/www.kohopsa.com\/wp-content\/uploads\/2022\/08\/7-reasons-1536x864.png 1536w, https:\/\/www.kohopsa.com\/wp-content\/uploads\/2022\/08\/7-reasons-1440x810.png 1440w, https:\/\/www.kohopsa.com\/wp-content\/uploads\/2022\/08\/7-reasons.png 1920w\" sizes=\"(max-width: 640px) 100vw, 640px\" \/><\/p>\n\n                <\/div>\n          <div class=\"l-s-12 l-content-column  l-l-6 l-m-12 l-row--center l-justify--center content-2 content-container-block_398c399a2317fdc571164097f8ad5fe3-2    padding-large \" >\n      <style>\n        .content-container-block_398c399a2317fdc571164097f8ad5fe3-2 > svg {\n          fill: #f19220;\n        }\n              <\/style>\n            <div class=\"l-content__bg \">\n                <div class=\"l-content__bg--overlay \" style=\"background-color: ; opacity: 1;\"><\/div>\n      <\/div>\n\n\n                  <h6 style=\"text-align: center;\">Lurer du p\u00e5 hvorfor kundene v\u00e5re har valgt Koho PSA i stedet for andre alternativer? Du f\u00e5r svar p\u00e5 dette ved \u00e5 laste ned denne PDF-filen gratis.<\/h6>\n\n              <div class=\"button-container l-justify--center\">\n                        <a href=\"https:\/\/461576.fs1.hubspotusercontent-na1.net\/hubfs\/461576\/PSA%20files\/8%20reasons%20why%20Koho%20PSA.pdf\" class=\"button default \" >\n                Last ned pdf                              <\/a>\n                    <\/div>\n                <\/div>\n  \n\n          \n                  <\/div> \n      \n  <\/div>\n\n<\/div>\n\n\n\n\n\n\n<div id=\"\" class=\"l-container wp-block-acf-container wp-block-acf-container-base alignfull   container-block_29a361c6aaef91e44be4a7fefdd07471  l-pad-top l-pad-bottom \">\n  <style>\n      <\/style>\n\n\n  \n  <div class=\"l-inside alignwide\">\n    <div class=\"l-row  l-justify--start l-row--center l-row--left-right  \">\n    <div class=\"l-row__bg \">\n        <div class=\"l-row__bg--overlay\" style=\"background-color: ; opacity: 1;\"><\/div>\n  <\/div>\n  \n          <div class=\"l-s-12 l-content-column  l-l-8 l-m-8 l-row--start l-justify--center content-0 content-container-block_29a361c6aaef91e44be4a7fefdd07471-0     \" >\n      <style>\n        .content-container-block_29a361c6aaef91e44be4a7fefdd07471-0 > svg {\n          fill: #f19220;\n        }\n              <\/style>\n            <div class=\"l-content__bg \">\n                <div class=\"l-content__bg--overlay \" style=\"background-color: ; opacity: 1;\"><\/div>\n      <\/div>\n\n\n                  <h3>Utrulling av Koho PSA er lekende lett<\/h3>\n<p>Ettersom programvaren i seg selv ikke er l\u00f8sningen, er utrullingsprosessen avgj\u00f8rende. For \u00e5 kunne \u00f8ke effektiviteten i virksomheten er det viktig at du forst\u00e5r hvordan du f\u00e5r maksimalt utbytte av programvaren. Etter \u00e5 ha samlet erfaring gjennom utrulling til tusenvis av brukere, har vi l\u00e6rt hvordan vi kan hjelpe nye kunder gjennom prosessen p\u00e5 mest mulig effektivt vis.<\/p>\n<p>Ekspertene v\u00e5re leder deg gjennom de seks utrullingstrinnene og bygger et milj\u00f8 der du utf\u00f8rer oppgavene s\u00e5 enkelt som mulig.<\/p>\n\n              <div class=\"button-container l-justify--start\">\n                        <a href=\"https:\/\/www.kohopsa.com\/no\/utrulling-av-koho-psa\/\" class=\"button button--text \" >\n                Les mer om utrullingsprosessen                                  <svg><use xlink:href=\"#t-arrow\" \/><\/svg>\n                              <\/a>\n                    <\/div>\n                <\/div>\n          <div class=\"l-s-12 l-content-column  l-l-4 l-m-4 l-row--center l-justify--center content-1 content-container-block_29a361c6aaef91e44be4a7fefdd07471-1  has-bg--fill  l-stretch-self  \" >\n      <style>\n        .content-container-block_29a361c6aaef91e44be4a7fefdd07471-1 > svg {\n          fill: #f19220;\n        }\n              <\/style>\n            <div class=\"l-content__bg l-content__bg--fill-block\">\n                <div class=\"l-content__bg--overlay \" style=\"background-color: ; opacity: 1;\"><\/div>\n      <\/div>\n\n\n                  <p><img decoding=\"async\" class=\"aligncenter wp-image-5328 size-full\" src=\"https:\/\/www.kohopsa.com\/wp-content\/uploads\/2022\/11\/300x250-4.png\" alt=\"deployment\" width=\"300\" height=\"250\" \/><\/p>\n\n                <\/div>\n          <div class=\"l-s-12 l-content-column  l-l-12 l-m-12 l-row--start l-justify--start content-2 content-container-block_29a361c6aaef91e44be4a7fefdd07471-2     \" >\n      <style>\n        .content-container-block_29a361c6aaef91e44be4a7fefdd07471-2 > svg {\n          fill: #f19220;\n        }\n              <\/style>\n            <div class=\"l-content__bg \">\n                <div class=\"l-content__bg--overlay \" style=\"background-color: ; opacity: 1;\"><\/div>\n      <\/div>\n\n\n                  \n                <\/div>\n  \n\n          \n                  <\/div> \n      \n  <\/div>\n\n<\/div>\n","protected":false},"excerpt":{"rendered":"","protected":false},"author":9,"featured_media":5422,"parent":0,"menu_order":0,"comment_status":"closed","ping_status":"closed","template":"","meta":{"_acf_changed":false,"footnotes":""},"class_list":["post-5524","page","type-page","status-publish","has-post-thumbnail","hentry"],"acf":[],"yoast_head":"<!-- This site is optimized with the Yoast SEO plugin v27.0 - https:\/\/yoast.com\/product\/yoast-seo-wordpress\/ -->\n<title>Koho PSA er et kraftig verkt\u00f8y for regnskapsfirmaer | Koho PSA<\/title>\n<meta name=\"description\" content=\"Koho PSA er et effektivt verkt\u00f8y for b\u00e5de store og sm\u00e5 regnskapsfirmaer. Vi tilpasser programvaren s\u00e5 den passer til dine behov.\" \/>\n<meta name=\"robots\" content=\"index, follow, max-snippet:-1, max-image-preview:large, max-video-preview:-1\" \/>\n<link rel=\"canonical\" href=\"https:\/\/www.kohopsa.com\/no\/hvorfor-velge-koho-psa\/\" \/>\n<meta property=\"og:locale\" content=\"nb_NO\" \/>\n<meta property=\"og:type\" content=\"article\" \/>\n<meta property=\"og:title\" content=\"Koho PSA er et kraftig verkt\u00f8y for regnskapsfirmaer | Koho PSA\" \/>\n<meta property=\"og:description\" content=\"Koho PSA er et effektivt verkt\u00f8y for b\u00e5de store og sm\u00e5 regnskapsfirmaer. Vi tilpasser programvaren s\u00e5 den passer til dine behov.\" \/>\n<meta property=\"og:url\" content=\"https:\/\/www.kohopsa.com\/no\/hvorfor-velge-koho-psa\/\" \/>\n<meta property=\"og:site_name\" content=\"Koho PSA\" \/>\n<meta property=\"article:modified_time\" content=\"2024-11-15T07:42:17+00:00\" \/>\n<meta property=\"og:image\" content=\"https:\/\/www.kohopsa.com\/wp-content\/uploads\/2022\/11\/Na\u0308ytto\u0308kuva-2022-1-12-kello-11.51.28-1024x640.png\" \/>\n\t<meta property=\"og:image:width\" content=\"1024\" \/>\n\t<meta property=\"og:image:height\" content=\"640\" \/>\n\t<meta property=\"og:image:type\" content=\"image\/png\" \/>\n<meta name=\"twitter:card\" content=\"summary_large_image\" \/>\n<meta name=\"twitter:label1\" content=\"Ansl. lesetid\" \/>\n\t<meta name=\"twitter:data1\" content=\"1 minutt\" \/>\n<script type=\"application\/ld+json\" class=\"yoast-schema-graph\">{\"@context\":\"https:\/\/schema.org\",\"@graph\":[{\"@type\":\"WebPage\",\"@id\":\"https:\/\/www.kohopsa.com\/no\/hvorfor-velge-koho-psa\/\",\"url\":\"https:\/\/www.kohopsa.com\/no\/hvorfor-velge-koho-psa\/\",\"name\":\"Koho PSA er et kraftig verkt\u00f8y for regnskapsfirmaer | Koho PSA\",\"isPartOf\":{\"@id\":\"https:\/\/www.kohopsa.com\/no\/#website\"},\"primaryImageOfPage\":{\"@id\":\"https:\/\/www.kohopsa.com\/no\/hvorfor-velge-koho-psa\/#primaryimage\"},\"image\":{\"@id\":\"https:\/\/www.kohopsa.com\/no\/hvorfor-velge-koho-psa\/#primaryimage\"},\"thumbnailUrl\":\"https:\/\/www.kohopsa.com\/wp-content\/uploads\/2022\/11\/Na\u0308ytto\u0308kuva-2022-1-12-kello-11.51.28.png\",\"datePublished\":\"2020-10-09T11:25:01+00:00\",\"dateModified\":\"2024-11-15T07:42:17+00:00\",\"description\":\"Koho PSA er et effektivt verkt\u00f8y for b\u00e5de store og sm\u00e5 regnskapsfirmaer. Vi tilpasser programvaren s\u00e5 den passer til dine behov.\",\"breadcrumb\":{\"@id\":\"https:\/\/www.kohopsa.com\/no\/hvorfor-velge-koho-psa\/#breadcrumb\"},\"inLanguage\":\"nb-NO\",\"potentialAction\":[{\"@type\":\"ReadAction\",\"target\":[\"https:\/\/www.kohopsa.com\/no\/hvorfor-velge-koho-psa\/\"]}]},{\"@type\":\"ImageObject\",\"inLanguage\":\"nb-NO\",\"@id\":\"https:\/\/www.kohopsa.com\/no\/hvorfor-velge-koho-psa\/#primaryimage\",\"url\":\"https:\/\/www.kohopsa.com\/wp-content\/uploads\/2022\/11\/Na\u0308ytto\u0308kuva-2022-1-12-kello-11.51.28.png\",\"contentUrl\":\"https:\/\/www.kohopsa.com\/wp-content\/uploads\/2022\/11\/Na\u0308ytto\u0308kuva-2022-1-12-kello-11.51.28.png\",\"width\":2880,\"height\":1800,\"caption\":\"Koho PSAs regnskapsverkt\u00f8y\"},{\"@type\":\"BreadcrumbList\",\"@id\":\"https:\/\/www.kohopsa.com\/no\/hvorfor-velge-koho-psa\/#breadcrumb\",\"itemListElement\":[{\"@type\":\"ListItem\",\"position\":1,\"name\":\"Home\",\"item\":\"https:\/\/www.kohopsa.com\/no\/\"},{\"@type\":\"ListItem\",\"position\":2,\"name\":\"Hvorfor velge Koho?\"}]},{\"@type\":\"WebSite\",\"@id\":\"https:\/\/www.kohopsa.com\/no\/#website\",\"url\":\"https:\/\/www.kohopsa.com\/no\/\",\"name\":\"Koho PSA\",\"description\":\"\",\"publisher\":{\"@id\":\"https:\/\/www.kohopsa.com\/no\/#organization\"},\"potentialAction\":[{\"@type\":\"SearchAction\",\"target\":{\"@type\":\"EntryPoint\",\"urlTemplate\":\"https:\/\/www.kohopsa.com\/no\/?s={search_term_string}\"},\"query-input\":{\"@type\":\"PropertyValueSpecification\",\"valueRequired\":true,\"valueName\":\"search_term_string\"}}],\"inLanguage\":\"nb-NO\"},{\"@type\":\"Organization\",\"@id\":\"https:\/\/www.kohopsa.com\/no\/#organization\",\"name\":\"Koho PSA\",\"url\":\"https:\/\/www.kohopsa.com\/no\/\",\"logo\":{\"@type\":\"ImageObject\",\"inLanguage\":\"nb-NO\",\"@id\":\"https:\/\/www.kohopsa.com\/no\/#\/schema\/logo\/image\/\",\"url\":\"https:\/\/www.kohopsa.com\/wp-content\/uploads\/2020\/09\/logo-full.png\",\"contentUrl\":\"https:\/\/www.kohopsa.com\/wp-content\/uploads\/2020\/09\/logo-full.png\",\"width\":260,\"height\":92,\"caption\":\"Koho PSA\"},\"image\":{\"@id\":\"https:\/\/www.kohopsa.com\/no\/#\/schema\/logo\/image\/\"}}]}<\/script>\n<!-- \/ Yoast SEO plugin. -->","yoast_head_json":{"title":"Koho PSA er et kraftig verkt\u00f8y for regnskapsfirmaer | Koho PSA","description":"Koho PSA er et effektivt verkt\u00f8y for b\u00e5de store og sm\u00e5 regnskapsfirmaer. Vi tilpasser programvaren s\u00e5 den passer til dine behov.","robots":{"index":"index","follow":"follow","max-snippet":"max-snippet:-1","max-image-preview":"max-image-preview:large","max-video-preview":"max-video-preview:-1"},"canonical":"https:\/\/www.kohopsa.com\/no\/hvorfor-velge-koho-psa\/","og_locale":"nb_NO","og_type":"article","og_title":"Koho PSA er et kraftig verkt\u00f8y for regnskapsfirmaer | Koho PSA","og_description":"Koho PSA er et effektivt verkt\u00f8y for b\u00e5de store og sm\u00e5 regnskapsfirmaer. Vi tilpasser programvaren s\u00e5 den passer til dine behov.","og_url":"https:\/\/www.kohopsa.com\/no\/hvorfor-velge-koho-psa\/","og_site_name":"Koho PSA","article_modified_time":"2024-11-15T07:42:17+00:00","og_image":[{"width":1024,"height":640,"url":"https:\/\/www.kohopsa.com\/wp-content\/uploads\/2022\/11\/Na\u0308ytto\u0308kuva-2022-1-12-kello-11.51.28-1024x640.png","type":"image\/png"}],"twitter_card":"summary_large_image","twitter_misc":{"Ansl. lesetid":"1 minutt"},"schema":{"@context":"https:\/\/schema.org","@graph":[{"@type":"WebPage","@id":"https:\/\/www.kohopsa.com\/no\/hvorfor-velge-koho-psa\/","url":"https:\/\/www.kohopsa.com\/no\/hvorfor-velge-koho-psa\/","name":"Koho PSA er et kraftig verkt\u00f8y for regnskapsfirmaer | Koho PSA","isPartOf":{"@id":"https:\/\/www.kohopsa.com\/no\/#website"},"primaryImageOfPage":{"@id":"https:\/\/www.kohopsa.com\/no\/hvorfor-velge-koho-psa\/#primaryimage"},"image":{"@id":"https:\/\/www.kohopsa.com\/no\/hvorfor-velge-koho-psa\/#primaryimage"},"thumbnailUrl":"https:\/\/www.kohopsa.com\/wp-content\/uploads\/2022\/11\/Na\u0308ytto\u0308kuva-2022-1-12-kello-11.51.28.png","datePublished":"2020-10-09T11:25:01+00:00","dateModified":"2024-11-15T07:42:17+00:00","description":"Koho PSA er et effektivt verkt\u00f8y for b\u00e5de store og sm\u00e5 regnskapsfirmaer. Vi tilpasser programvaren s\u00e5 den passer til dine behov.","breadcrumb":{"@id":"https:\/\/www.kohopsa.com\/no\/hvorfor-velge-koho-psa\/#breadcrumb"},"inLanguage":"nb-NO","potentialAction":[{"@type":"ReadAction","target":["https:\/\/www.kohopsa.com\/no\/hvorfor-velge-koho-psa\/"]}]},{"@type":"ImageObject","inLanguage":"nb-NO","@id":"https:\/\/www.kohopsa.com\/no\/hvorfor-velge-koho-psa\/#primaryimage","url":"https:\/\/www.kohopsa.com\/wp-content\/uploads\/2022\/11\/Na\u0308ytto\u0308kuva-2022-1-12-kello-11.51.28.png","contentUrl":"https:\/\/www.kohopsa.com\/wp-content\/uploads\/2022\/11\/Na\u0308ytto\u0308kuva-2022-1-12-kello-11.51.28.png","width":2880,"height":1800,"caption":"Koho PSAs regnskapsverkt\u00f8y"},{"@type":"BreadcrumbList","@id":"https:\/\/www.kohopsa.com\/no\/hvorfor-velge-koho-psa\/#breadcrumb","itemListElement":[{"@type":"ListItem","position":1,"name":"Home","item":"https:\/\/www.kohopsa.com\/no\/"},{"@type":"ListItem","position":2,"name":"Hvorfor velge Koho?"}]},{"@type":"WebSite","@id":"https:\/\/www.kohopsa.com\/no\/#website","url":"https:\/\/www.kohopsa.com\/no\/","name":"Koho PSA","description":"","publisher":{"@id":"https:\/\/www.kohopsa.com\/no\/#organization"},"potentialAction":[{"@type":"SearchAction","target":{"@type":"EntryPoint","urlTemplate":"https:\/\/www.kohopsa.com\/no\/?s={search_term_string}"},"query-input":{"@type":"PropertyValueSpecification","valueRequired":true,"valueName":"search_term_string"}}],"inLanguage":"nb-NO"},{"@type":"Organization","@id":"https:\/\/www.kohopsa.com\/no\/#organization","name":"Koho PSA","url":"https:\/\/www.kohopsa.com\/no\/","logo":{"@type":"ImageObject","inLanguage":"nb-NO","@id":"https:\/\/www.kohopsa.com\/no\/#\/schema\/logo\/image\/","url":"https:\/\/www.kohopsa.com\/wp-content\/uploads\/2020\/09\/logo-full.png","contentUrl":"https:\/\/www.kohopsa.com\/wp-content\/uploads\/2020\/09\/logo-full.png","width":260,"height":92,"caption":"Koho PSA"},"image":{"@id":"https:\/\/www.kohopsa.com\/no\/#\/schema\/logo\/image\/"}}]}},"_links":{"self":[{"href":"https:\/\/www.kohopsa.com\/no\/wp-json\/wp\/v2\/pages\/5524","targetHints":{"allow":["GET"]}}],"collection":[{"href":"https:\/\/www.kohopsa.com\/no\/wp-json\/wp\/v2\/pages"}],"about":[{"href":"https:\/\/www.kohopsa.com\/no\/wp-json\/wp\/v2\/types\/page"}],"author":[{"embeddable":true,"href":"https:\/\/www.kohopsa.com\/no\/wp-json\/wp\/v2\/users\/9"}],"replies":[{"embeddable":true,"href":"https:\/\/www.kohopsa.com\/no\/wp-json\/wp\/v2\/comments?post=5524"}],"version-history":[{"count":3,"href":"https:\/\/www.kohopsa.com\/no\/wp-json\/wp\/v2\/pages\/5524\/revisions"}],"predecessor-version":[{"id":9384,"href":"https:\/\/www.kohopsa.com\/no\/wp-json\/wp\/v2\/pages\/5524\/revisions\/9384"}],"wp:featuredmedia":[{"embeddable":true,"href":"https:\/\/www.kohopsa.com\/no\/wp-json\/wp\/v2\/media\/5422"}],"wp:attachment":[{"href":"https:\/\/www.kohopsa.com\/no\/wp-json\/wp\/v2\/media?parent=5524"}],"curies":[{"name":"wp","href":"https:\/\/api.w.org\/{rel}","templated":true}]}}