{"id":6980,"date":"2020-10-13T06:12:53","date_gmt":"2020-10-13T06:12:53","guid":{"rendered":"https:\/\/www.kohopsa.com\/project-management\/"},"modified":"2025-07-09T15:22:00","modified_gmt":"2025-07-09T12:22:00","slug":"projekthantering","status":"publish","type":"page","link":"https:\/\/www.kohopsa.com\/sv\/projekthantering\/","title":{"rendered":"Projekthantering"},"content":{"rendered":"\n\n\n\n<div id=\"\" class=\"l-container wp-block-acf-container wp-block-acf-container-base alignfull   container-block_a7679c4614b04930f92dbb625d9f99bf  l-pad-top l-pad-bottom has-bg\">\n  <style>\n      <\/style>\n\n\n  \n      <div class=\"l-container__bg bg-center-bottom \">\n                <div class=\"l-container__bg--overlay\" style=\"background-color: #f5f3f1; opacity: 1;\"><\/div>\n      <\/div>\n    \n  <div class=\"l-inside alignwide\">\n    <div class=\"l-row  l-justify--start l-row--center l-row--left-right  \">\n    <div class=\"l-row__bg \">\n        <div class=\"l-row__bg--overlay\" style=\"background-color: ; opacity: 1;\"><\/div>\n  <\/div>\n  \n          <div class=\"l-s-12 l-content-column  l-l-8 l-m-9 l-row--start l-justify--center content-0 content-container-block_a7679c4614b04930f92dbb625d9f99bf-0     \" >\n      <style>\n        .content-container-block_a7679c4614b04930f92dbb625d9f99bf-0 > svg {\n          fill: #f19220;\n        }\n              <\/style>\n            <div class=\"l-content__bg \">\n                <div class=\"l-content__bg--overlay \" style=\"background-color: ; opacity: 0.6;\"><\/div>\n      <\/div>\n\n\n                  <h1><strong><span style=\"color: #f19220;\">Projekthanterings\u00adverktyg<\/span> f\u00f6r redovisningsbyr\u00e5er<\/strong><\/h1>\n<p>Ja, redovisningsbyr\u00e5er har projekt (<a href=\"https:\/\/www.kohopsa.com\/articles\/do-accounting-firms-have-projects\/\">read our blog<\/a>) och kan ha stor nytta av ett riktigt projekthanteringsverktyg.<\/p>\n\n              <div class=\"button-container l-justify--start\">\n                        <a href=\"https:\/\/www.kohopsa.com\/sv\/boka-en-demo\/\" class=\"button default \" >\n                Boka en demo                              <\/a>\n                          <a href=\"https:\/\/www.kohopsa.com\/sv\/priser\/\" class=\"button button--text \" >\n                Se tj\u00e4nstepaket                                  <svg><use xlink:href=\"#t-arrow\" \/><\/svg>\n                              <\/a>\n                    <\/div>\n                <\/div>\n  \n\n          \n                  <\/div> \n      \n  <\/div>\n\n<\/div>\n\n\n\n\n\n\n<div id=\"\" class=\"l-container wp-block-acf-container wp-block-acf-container-base alignfull   container-block_4177a3df1f1619cbf9e9da5d24a5e959  l-pad-top l-pad-bottom has-bg\">\n  <style>\n      <\/style>\n\n\n  \n      <div class=\"l-container__bg bg-center-center \">\n                <div class=\"l-container__bg--overlay\" style=\"background-color: ; opacity: 1;\"><\/div>\n      <\/div>\n    \n  <div class=\"l-inside alignwide\">\n    <div class=\"l-row  l-justify--start l-row--center l-row--left-right  \">\n    <div class=\"l-row__bg \">\n        <div class=\"l-row__bg--overlay\" style=\"background-color: ; opacity: 1;\"><\/div>\n  <\/div>\n  \n          <div class=\"l-s-12 l-content-column  l-l-6 l-m-6 l-row--start l-justify--center content-0 content-container-block_4177a3df1f1619cbf9e9da5d24a5e959-0    padding-large \" >\n      <style>\n        .content-container-block_4177a3df1f1619cbf9e9da5d24a5e959-0 > svg {\n          fill: #f19220;\n        }\n              <\/style>\n            <div class=\"l-content__bg \">\n                <div class=\"l-content__bg--overlay \" style=\"background-color: ; opacity: 1;\"><\/div>\n      <\/div>\n\n\n                  <h2><strong>Koho PSA:s <span style=\"color: #f19220;\">projekthantering<\/span> i ett n\u00f6tskal<\/strong><\/h2>\n<p>Koho PSA:s projekthanteringsverktyg underl\u00e4ttar projekthanteringen. Du kan f\u00f6lja tidsscheman f\u00f6r projekt, resurser och l\u00f6nsamhet. Verktyget ger dig kontroll och effektiviserar arbetet.<\/p>\n<p>Ett av de vanligaste projekten f\u00f6r redovisningsbyr\u00e5er \u00e4r <strong>onboarding av kunder<\/strong>. Med Koho PSA:s projekthanteringsverktyg f\u00e5r du full koll p\u00e5 vad som beh\u00f6ver g\u00f6ras och n\u00e4r samt vem som har ansvar f\u00f6r varje punkt, vilket g\u00f6r att det blir l\u00e4ttare att g\u00f6ra kunderna n\u00f6jda.<\/p>\n<p>F\u00f6r att underl\u00e4tta ditt arbete finns det f\u00e4rdiga projektmallar i Koho PSA som \u00e4r speciellt utvecklade f\u00f6r redovisningsbyr\u00e5ers behov.<\/p>\n\n                <\/div>\n          <div class=\"l-s-12 l-content-column  l-l-6 l-m-6 l-row--start l-justify--center content-1 content-container-block_4177a3df1f1619cbf9e9da5d24a5e959-1  has-bg--fill  l-stretch-self padding-large \" >\n      <style>\n        .content-container-block_4177a3df1f1619cbf9e9da5d24a5e959-1 > svg {\n          fill: #f19220;\n        }\n              <\/style>\n            <div class=\"l-content__bg l-content__bg--fill-block\">\n                <div class=\"l-content__bg--overlay \" style=\"background-color: ; opacity: 1;\"><\/div>\n      <\/div>\n\n\n                  <p><img decoding=\"async\" class=\"alignnone size-medium wp-image-4553\" src=\"https:\/\/www.kohopsa.com\/wp-content\/uploads\/2021\/10\/project-hero-640x336.png\" alt=\"\" width=\"640\" height=\"336\" srcset=\"https:\/\/www.kohopsa.com\/wp-content\/uploads\/2021\/10\/project-hero-640x336.png 640w, https:\/\/www.kohopsa.com\/wp-content\/uploads\/2021\/10\/project-hero-1024x538.png 1024w, https:\/\/www.kohopsa.com\/wp-content\/uploads\/2021\/10\/project-hero-768x403.png 768w, https:\/\/www.kohopsa.com\/wp-content\/uploads\/2021\/10\/project-hero.png 1200w\" sizes=\"(max-width: 640px) 100vw, 640px\" \/><\/p>\n\n                <\/div>\n  \n\n          \n                  <\/div> \n      \n  <\/div>\n\n<\/div>\n\n\n\n\n\n\n<div id=\"\" class=\"l-container wp-block-acf-container wp-block-acf-container-base alignfull   container-block_48413aaa3725ccc107d3223851d916a6  l-pad-top l-pad-bottom has-bg\">\n  <style>\n      <\/style>\n\n\n  \n      <div class=\"l-container__bg bg-center-center \">\n                <div class=\"l-container__bg--overlay\" style=\"background-color: #f5f3f1; opacity: 1;\"><\/div>\n      <\/div>\n    \n  <div class=\"l-inside alignwide\">\n    <div class=\"l-row  l-justify--center l-row--stretch l-row--left-right  \">\n    <div class=\"l-row__bg \">\n        <div class=\"l-row__bg--overlay\" style=\"background-color: ; opacity: 1;\"><\/div>\n  <\/div>\n  \n          <div class=\"l-s-12 l-content-column  l-l-9 l-m-12 l-row--start l-justify--start content-0 content-container-block_48413aaa3725ccc107d3223851d916a6-0     \" >\n      <style>\n        .content-container-block_48413aaa3725ccc107d3223851d916a6-0 > svg {\n          fill: #f19220;\n        }\n              <\/style>\n            <div class=\"l-content__bg \">\n                <div class=\"l-content__bg--overlay \" style=\"background-color: ; opacity: 1;\"><\/div>\n      <\/div>\n\n\n                  <h2 style=\"text-align: center;\"><span style=\"color: #f19220;\"><strong>Vad kan du anv\u00e4nda projekthanteringsverktyget till?<\/strong><\/span><\/h2>\n<p style=\"text-align: center;\">Koho PSA kan \u00e4ven anv\u00e4ndas f\u00f6r avancerad projekthantering utan att kostnaderna sticker i v\u00e4g. Vi vill h\u00e5lla priset p\u00e5 Koho PSA rimligt och se till att du f\u00e5r mer \u00e4n vad du betalar f\u00f6r.<\/p>\n<p>&nbsp;<\/p>\n\n                <\/div>\n          <div class=\"l-s-12 l-content-column  l-l-4 l-m-6 l-row--start l-justify--start content-1 content-container-block_48413aaa3725ccc107d3223851d916a6-1    padding-large \" >\n      <style>\n        .content-container-block_48413aaa3725ccc107d3223851d916a6-1 > svg {\n          fill: #f19220;\n        }\n              <\/style>\n            <div class=\"l-content__bg \">\n                <div class=\"l-content__bg--overlay \" style=\"background-color: ; opacity: 1;\"><\/div>\n      <\/div>\n\n\n                  <h3 style=\"text-align: center;\"><strong>Planering och budgetering<\/strong><\/h3>\n<p>Skapa olika faser eller underprojekt f\u00f6r projekt som du sedan kan budgetera och schemal\u00e4gga separat efter behov. Du kan skissa p\u00e5 projekt antingen hierariskt i en tr\u00e4dstruktur eller visuellt i ett GANTT-diagram eller en KANBAN-vy.<\/p>\n\n                <\/div>\n          <div class=\"l-s-12 l-content-column  l-l-4 l-m-6 l-row--start l-justify--start content-2 content-container-block_48413aaa3725ccc107d3223851d916a6-2  has-bg--fill  l-stretch-self padding-large \" >\n      <style>\n        .content-container-block_48413aaa3725ccc107d3223851d916a6-2 > svg {\n          fill: #f19220;\n        }\n              <\/style>\n            <div class=\"l-content__bg l-content__bg--fill-block\">\n                <div class=\"l-content__bg--overlay \" style=\"background-color: ; opacity: 1;\"><\/div>\n      <\/div>\n\n\n                  <h3 style=\"text-align: center;\"><strong>Skapa projekt effektivt<\/strong><\/h3>\n<p style=\"text-align: center;\">Uppr\u00e4tta projekt utifr\u00e5n en offert eller genom att anv\u00e4nda f\u00f6rdefinierade mallar. Det tar mindre \u00e4n en minut att skapa projekt som du sedan kan uppdatera vid behov. Du kan ocks\u00e5 anv\u00e4nda ett tidigare projekt som grund n\u00e4r du skapar nya.<\/p>\n\n                <\/div>\n          <div class=\"l-s-12 l-content-column  l-l-4 l-m-6 l-row--start l-justify--start content-3 content-container-block_48413aaa3725ccc107d3223851d916a6-3    padding-large \" >\n      <style>\n        .content-container-block_48413aaa3725ccc107d3223851d916a6-3 > svg {\n          fill: #f19220;\n        }\n              <\/style>\n            <div class=\"l-content__bg \">\n                <div class=\"l-content__bg--overlay \" style=\"background-color: ; opacity: 1;\"><\/div>\n      <\/div>\n\n\n                  <h3 style=\"text-align: center;\"><strong>Smart resursanv\u00e4ndning<\/strong><\/h3>\n<p style=\"text-align: center;\">Koho PSA g\u00f6r det m\u00f6jligt att dra nytta av rapporter om arbetsbelastning och f\u00f6rdela resurser till olika projekt med hj\u00e4lp av arbetstidsposter och uppdragslistor. Du kan vara s\u00e4ker p\u00e5 att du har r\u00e4tt person p\u00e5 r\u00e4tt plats och att arbetsbelastningen f\u00f6rdelas r\u00e4ttvist.<\/p>\n\n                <\/div>\n          <div class=\"l-s-12 l-content-column  l-l-4 l-m-6 l-row--start l-justify--start content-4 content-container-block_48413aaa3725ccc107d3223851d916a6-4    padding-large \" >\n      <style>\n        .content-container-block_48413aaa3725ccc107d3223851d916a6-4 > svg {\n          fill: #f19220;\n        }\n              <\/style>\n            <div class=\"l-content__bg \">\n                <div class=\"l-content__bg--overlay \" style=\"background-color: ; opacity: 1;\"><\/div>\n      <\/div>\n\n\n                  <h3 style=\"text-align: center;\"><strong>Samarbeten<\/strong><\/h3>\n<p style=\"text-align: center;\">Vid behov kan du skapa gemensamma milj\u00f6er med dina kunder d\u00e4r ni kan kommunicera om projekt och dela filer. Du kan ocks\u00e5 visa din kund t.ex. information om hur projektet framskrider.<\/p>\n\n                <\/div>\n          <div class=\"l-s-12 l-content-column  l-l-4 l-m-6 l-row--start l-justify--start content-5 content-container-block_48413aaa3725ccc107d3223851d916a6-5    padding-large \" >\n      <style>\n        .content-container-block_48413aaa3725ccc107d3223851d916a6-5 > svg {\n          fill: #f19220;\n        }\n              <\/style>\n            <div class=\"l-content__bg \">\n                <div class=\"l-content__bg--overlay \" style=\"background-color: ; opacity: 1;\"><\/div>\n      <\/div>\n\n\n                  <h3 style=\"text-align: center;\"><strong>Uppf\u00f6ljning och fakturering<\/strong><\/h3>\n<p style=\"text-align: center;\">Information om projekt kopplas samman, och utifr\u00e5n best\u00e4llningar kan du skapa fakturor med bara en knapptryckning. Du kan enkelt f\u00e5 uppdaterad information s\u00e5 du kan f\u00f6lja och j\u00e4mf\u00f6ra projektens l\u00f6nsamhet, progress och andra viktiga faktorer. Koho PSA ger dig projektspecifika automatiska fakturaspecifikationer.<\/p>\n\n                <\/div>\n  \n\n          \n                  <\/div> \n      \n  <\/div>\n\n<\/div>\n\n\n\n<p><\/p>\n","protected":false},"excerpt":{"rendered":"","protected":false},"author":9,"featured_media":0,"parent":0,"menu_order":0,"comment_status":"closed","ping_status":"closed","template":"","meta":{"_acf_changed":false,"footnotes":""},"class_list":["post-6980","page","type-page","status-publish","hentry"],"acf":[],"yoast_head":"<!-- This site is optimized with the Yoast SEO plugin v27.0 - https:\/\/yoast.com\/product\/yoast-seo-wordpress\/ -->\n<title>Projekthantering verktyg f\u00f6r redovisning | Koho PSA<\/title>\n<meta name=\"description\" content=\"Koho PSA:s projektledningsverktyg f\u00f6r redovisningsbyr\u00e5er hj\u00e4lper att \u00f6vervaka scheman och resurser f\u00f6r onboarding-projekt.\" \/>\n<meta name=\"robots\" content=\"index, follow, max-snippet:-1, max-image-preview:large, max-video-preview:-1\" \/>\n<link rel=\"canonical\" href=\"https:\/\/www.kohopsa.com\/sv\/projekthantering\/\" \/>\n<meta property=\"og:locale\" content=\"sv_SE\" \/>\n<meta property=\"og:type\" content=\"article\" \/>\n<meta property=\"og:title\" content=\"Projekthantering verktyg f\u00f6r redovisning | Koho PSA\" \/>\n<meta property=\"og:description\" content=\"Koho PSA:s projektledningsverktyg f\u00f6r redovisningsbyr\u00e5er hj\u00e4lper att \u00f6vervaka scheman och resurser f\u00f6r onboarding-projekt.\" \/>\n<meta property=\"og:url\" content=\"https:\/\/www.kohopsa.com\/sv\/projekthantering\/\" \/>\n<meta property=\"og:site_name\" content=\"Koho PSA\" \/>\n<meta property=\"article:modified_time\" content=\"2025-07-09T12:22:00+00:00\" \/>\n<meta name=\"twitter:card\" content=\"summary_large_image\" \/>\n<script type=\"application\/ld+json\" class=\"yoast-schema-graph\">{\"@context\":\"https:\/\/schema.org\",\"@graph\":[{\"@type\":\"WebPage\",\"@id\":\"https:\/\/www.kohopsa.com\/sv\/projekthantering\/\",\"url\":\"https:\/\/www.kohopsa.com\/sv\/projekthantering\/\",\"name\":\"Projekthantering verktyg f\u00f6r redovisning | Koho PSA\",\"isPartOf\":{\"@id\":\"https:\/\/www.kohopsa.com\/sv\/#website\"},\"datePublished\":\"2020-10-13T06:12:53+00:00\",\"dateModified\":\"2025-07-09T12:22:00+00:00\",\"description\":\"Koho PSA:s projektledningsverktyg f\u00f6r redovisningsbyr\u00e5er hj\u00e4lper att \u00f6vervaka scheman och resurser f\u00f6r onboarding-projekt.\",\"breadcrumb\":{\"@id\":\"https:\/\/www.kohopsa.com\/sv\/projekthantering\/#breadcrumb\"},\"inLanguage\":\"sv-SE\",\"potentialAction\":[{\"@type\":\"ReadAction\",\"target\":[\"https:\/\/www.kohopsa.com\/sv\/projekthantering\/\"]}]},{\"@type\":\"BreadcrumbList\",\"@id\":\"https:\/\/www.kohopsa.com\/sv\/projekthantering\/#breadcrumb\",\"itemListElement\":[{\"@type\":\"ListItem\",\"position\":1,\"name\":\"Home\",\"item\":\"https:\/\/www.kohopsa.com\/sv\/\"},{\"@type\":\"ListItem\",\"position\":2,\"name\":\"Projekthantering\"}]},{\"@type\":\"WebSite\",\"@id\":\"https:\/\/www.kohopsa.com\/sv\/#website\",\"url\":\"https:\/\/www.kohopsa.com\/sv\/\",\"name\":\"Koho PSA\",\"description\":\"\",\"publisher\":{\"@id\":\"https:\/\/www.kohopsa.com\/sv\/#organization\"},\"potentialAction\":[{\"@type\":\"SearchAction\",\"target\":{\"@type\":\"EntryPoint\",\"urlTemplate\":\"https:\/\/www.kohopsa.com\/sv\/?s={search_term_string}\"},\"query-input\":{\"@type\":\"PropertyValueSpecification\",\"valueRequired\":true,\"valueName\":\"search_term_string\"}}],\"inLanguage\":\"sv-SE\"},{\"@type\":\"Organization\",\"@id\":\"https:\/\/www.kohopsa.com\/sv\/#organization\",\"name\":\"Koho PSA\",\"url\":\"https:\/\/www.kohopsa.com\/sv\/\",\"logo\":{\"@type\":\"ImageObject\",\"inLanguage\":\"sv-SE\",\"@id\":\"https:\/\/www.kohopsa.com\/sv\/#\/schema\/logo\/image\/\",\"url\":\"https:\/\/www.kohopsa.com\/wp-content\/uploads\/2020\/09\/logo-full.png\",\"contentUrl\":\"https:\/\/www.kohopsa.com\/wp-content\/uploads\/2020\/09\/logo-full.png\",\"width\":260,\"height\":92,\"caption\":\"Koho PSA\"},\"image\":{\"@id\":\"https:\/\/www.kohopsa.com\/sv\/#\/schema\/logo\/image\/\"}}]}<\/script>\n<!-- \/ Yoast SEO plugin. -->","yoast_head_json":{"title":"Projekthantering verktyg f\u00f6r redovisning | Koho PSA","description":"Koho PSA:s projektledningsverktyg f\u00f6r redovisningsbyr\u00e5er hj\u00e4lper att \u00f6vervaka scheman och resurser f\u00f6r onboarding-projekt.","robots":{"index":"index","follow":"follow","max-snippet":"max-snippet:-1","max-image-preview":"max-image-preview:large","max-video-preview":"max-video-preview:-1"},"canonical":"https:\/\/www.kohopsa.com\/sv\/projekthantering\/","og_locale":"sv_SE","og_type":"article","og_title":"Projekthantering verktyg f\u00f6r redovisning | Koho PSA","og_description":"Koho PSA:s projektledningsverktyg f\u00f6r redovisningsbyr\u00e5er hj\u00e4lper att \u00f6vervaka scheman och resurser f\u00f6r onboarding-projekt.","og_url":"https:\/\/www.kohopsa.com\/sv\/projekthantering\/","og_site_name":"Koho PSA","article_modified_time":"2025-07-09T12:22:00+00:00","twitter_card":"summary_large_image","schema":{"@context":"https:\/\/schema.org","@graph":[{"@type":"WebPage","@id":"https:\/\/www.kohopsa.com\/sv\/projekthantering\/","url":"https:\/\/www.kohopsa.com\/sv\/projekthantering\/","name":"Projekthantering verktyg f\u00f6r redovisning | Koho PSA","isPartOf":{"@id":"https:\/\/www.kohopsa.com\/sv\/#website"},"datePublished":"2020-10-13T06:12:53+00:00","dateModified":"2025-07-09T12:22:00+00:00","description":"Koho PSA:s projektledningsverktyg f\u00f6r redovisningsbyr\u00e5er hj\u00e4lper att \u00f6vervaka scheman och resurser f\u00f6r onboarding-projekt.","breadcrumb":{"@id":"https:\/\/www.kohopsa.com\/sv\/projekthantering\/#breadcrumb"},"inLanguage":"sv-SE","potentialAction":[{"@type":"ReadAction","target":["https:\/\/www.kohopsa.com\/sv\/projekthantering\/"]}]},{"@type":"BreadcrumbList","@id":"https:\/\/www.kohopsa.com\/sv\/projekthantering\/#breadcrumb","itemListElement":[{"@type":"ListItem","position":1,"name":"Home","item":"https:\/\/www.kohopsa.com\/sv\/"},{"@type":"ListItem","position":2,"name":"Projekthantering"}]},{"@type":"WebSite","@id":"https:\/\/www.kohopsa.com\/sv\/#website","url":"https:\/\/www.kohopsa.com\/sv\/","name":"Koho PSA","description":"","publisher":{"@id":"https:\/\/www.kohopsa.com\/sv\/#organization"},"potentialAction":[{"@type":"SearchAction","target":{"@type":"EntryPoint","urlTemplate":"https:\/\/www.kohopsa.com\/sv\/?s={search_term_string}"},"query-input":{"@type":"PropertyValueSpecification","valueRequired":true,"valueName":"search_term_string"}}],"inLanguage":"sv-SE"},{"@type":"Organization","@id":"https:\/\/www.kohopsa.com\/sv\/#organization","name":"Koho PSA","url":"https:\/\/www.kohopsa.com\/sv\/","logo":{"@type":"ImageObject","inLanguage":"sv-SE","@id":"https:\/\/www.kohopsa.com\/sv\/#\/schema\/logo\/image\/","url":"https:\/\/www.kohopsa.com\/wp-content\/uploads\/2020\/09\/logo-full.png","contentUrl":"https:\/\/www.kohopsa.com\/wp-content\/uploads\/2020\/09\/logo-full.png","width":260,"height":92,"caption":"Koho PSA"},"image":{"@id":"https:\/\/www.kohopsa.com\/sv\/#\/schema\/logo\/image\/"}}]}},"_links":{"self":[{"href":"https:\/\/www.kohopsa.com\/sv\/wp-json\/wp\/v2\/pages\/6980","targetHints":{"allow":["GET"]}}],"collection":[{"href":"https:\/\/www.kohopsa.com\/sv\/wp-json\/wp\/v2\/pages"}],"about":[{"href":"https:\/\/www.kohopsa.com\/sv\/wp-json\/wp\/v2\/types\/page"}],"author":[{"embeddable":true,"href":"https:\/\/www.kohopsa.com\/sv\/wp-json\/wp\/v2\/users\/9"}],"replies":[{"embeddable":true,"href":"https:\/\/www.kohopsa.com\/sv\/wp-json\/wp\/v2\/comments?post=6980"}],"version-history":[{"count":3,"href":"https:\/\/www.kohopsa.com\/sv\/wp-json\/wp\/v2\/pages\/6980\/revisions"}],"predecessor-version":[{"id":10163,"href":"https:\/\/www.kohopsa.com\/sv\/wp-json\/wp\/v2\/pages\/6980\/revisions\/10163"}],"wp:attachment":[{"href":"https:\/\/www.kohopsa.com\/sv\/wp-json\/wp\/v2\/media?parent=6980"}],"curies":[{"name":"wp","href":"https:\/\/api.w.org\/{rel}","templated":true}]}}