{"id":7049,"date":"2020-10-13T06:11:01","date_gmt":"2020-10-13T06:11:01","guid":{"rendered":"https:\/\/www.kohopsa.com\/customer-service-support\/"},"modified":"2023-11-17T14:23:09","modified_gmt":"2023-11-17T11:23:09","slug":"kundservice-support","status":"publish","type":"page","link":"https:\/\/www.kohopsa.com\/sv\/kundservice-support\/","title":{"rendered":"Kundtj\u00e4nst &#038; support"},"content":{"rendered":"\n\n\n\n<div id=\"\" class=\"l-container wp-block-acf-container wp-block-acf-container-base alignfull   container-block_5f8029b38b897  l-pad-top l-pad-bottom has-bg\">\n  <style>\n      <\/style>\n\n\n  \n      <div class=\"l-container__bg bg-center-center \">\n                            <picture>\n                        <source sizes=\"auto\" srcset=\"https:\/\/www.kohopsa.com\/wp-content\/uploads\/2021\/10\/customer-hero.png 1200w, https:\/\/www.kohopsa.com\/wp-content\/uploads\/2021\/10\/customer-hero-640x336.png 640w, https:\/\/www.kohopsa.com\/wp-content\/uploads\/2021\/10\/customer-hero-1024x538.png 1024w, https:\/\/www.kohopsa.com\/wp-content\/uploads\/2021\/10\/customer-hero-768x403.png 768w\" type=\"image\/jpeg\">\n            <img decoding=\"async\" src=\"https:\/\/www.kohopsa.com\/wp-content\/uploads\/2021\/10\/customer-hero-1024x538.png\" class=\"cover bg-container-block_5f8029b38b897-0\" \/>\n          <\/picture>\n          <style>\n\n          @media (max-width: 39.9375em) {\n            .l-container__bg img.bg-container-block_5f8029b38b897-0 {\n                          }\n          }\n            @media (min-width: 40em) {\n              .l-container__bg img.bg-container-block_5f8029b38b897-0 {\n                              }\n            }\n          <\/style>\n                          <div class=\"l-container__bg--overlay\" style=\"background-color: ; opacity: 1;\"><\/div>\n      <\/div>\n    \n  <div class=\"l-inside alignwide\">\n    <div class=\"l-row  l-justify--start l-row--center l-row--left-right  \">\n    <div class=\"l-row__bg \">\n        <div class=\"l-row__bg--overlay\" style=\"background-color: ; opacity: 1;\"><\/div>\n  <\/div>\n  \n          <div class=\"l-s-12 l-content-column  l-l-6 l-m-6 l-row--start l-justify--center content-0 content-container-block_5f8029b38b897-0 has-bg    \" >\n      <style>\n        .content-container-block_5f8029b38b897-0 > svg {\n          fill: #f19220;\n        }\n              <\/style>\n            <div class=\"l-content__bg \">\n                <div class=\"l-content__bg--overlay \" style=\"background-color: #ffffff; opacity: 0.8;\"><\/div>\n      <\/div>\n\n\n                  <h1><strong>Koho PSA:s kundtj\u00e4nst &amp; support<\/strong><\/h1>\n<p>V\u00e5r kundtj\u00e4nst tar hand om dig och svarar p\u00e5 dina fr\u00e5gor.<\/p>\n\n              <div class=\"button-container l-justify--start\">\n                        <a href=\"https:\/\/www.kohopsa.com\/sv\/kontakta-oss\/\" class=\"button default \" >\n                Kontakta oss                              <\/a>\n                          <a href=\"https:\/\/www.kohopsa.com\/sv\/priser\/\" class=\"button button--text \" >\n                Se tj\u00e4nstepaket                                  <svg><use xlink:href=\"#t-arrow\" \/><\/svg>\n                              <\/a>\n                    <\/div>\n                <\/div>\n  \n\n          \n                  <\/div> \n      \n  <\/div>\n\n<\/div>\n\n\n\n\n\n\n<div id=\"\" class=\"l-container wp-block-acf-container wp-block-acf-container-base alignfull   container-block_5f803e2f8b89a  l-pad-top l-pad-bottom has-bg\">\n  <style>\n      <\/style>\n\n\n  \n      <div class=\"l-container__bg bg-center-center \">\n                <div class=\"l-container__bg--overlay\" style=\"background-color: ; opacity: 1;\"><\/div>\n      <\/div>\n    \n  <div class=\"l-inside alignwide\">\n    <div class=\"l-row  l-justify--start l-row--start l-row--left-right  \">\n    <div class=\"l-row__bg \">\n        <div class=\"l-row__bg--overlay\" style=\"background-color: ; opacity: 1;\"><\/div>\n  <\/div>\n  \n          <div class=\"l-s-12 l-content-column  l-l-8 l-m-12 l-row--start l-justify--start content-0 content-container-block_5f803e2f8b89a-0     \" >\n      <style>\n        .content-container-block_5f803e2f8b89a-0 > svg {\n          fill: #f19220;\n        }\n              <\/style>\n            <div class=\"l-content__bg \">\n                <div class=\"l-content__bg--overlay \" style=\"background-color: ; opacity: 1;\"><\/div>\n      <\/div>\n\n\n                  <h2><strong>Omfattande kundsupport ing\u00e5r i licensen<\/strong><\/h2>\n<p>Det \u00e4r l\u00e4tt att komma i kontakt med Koho PSA:s medarbetare inom teknisk kundservice och det kostar dig inget. N\u00e4r du blir kund hos oss f\u00e5r du tillg\u00e5ng till v\u00e5r gratis <strong>telefon- och e-postsupport<\/strong> s\u00e5 du ska f\u00e5 st\u00f6rsta m\u00f6jliga nytta av ditt program. V\u00e5ra kunder v\u00e4rderar v\u00e5r service h\u00f6gt och uppskattar framf\u00f6r allt v\u00e5r proaktiva inst\u00e4llning.<\/p>\n\n                <\/div>\n          <div class=\"l-s-12 l-content-column  l-l-4 l-m-12 l-row--start l-justify--center content-1 content-container-block_5f803e2f8b89a-1  has-bg--fill  l-stretch-self padding-large \" >\n      <style>\n        .content-container-block_5f803e2f8b89a-1 > svg {\n          fill: #f19220;\n        }\n              <\/style>\n            <div class=\"l-content__bg l-content__bg--fill-block\">\n                <div class=\"l-content__bg--overlay \" style=\"background-color: ; opacity: 1;\"><\/div>\n      <\/div>\n\n\n                  <p><img decoding=\"async\" class=\"size-medium wp-image-2572 aligncenter\" src=\"https:\/\/www.kohopsa.com\/wp-content\/uploads\/2020\/10\/petr-machacek-BeVGrXEktIk-unsplash-640x427.jpg\" alt=\"Customer service &amp; support\" width=\"640\" height=\"427\" srcset=\"https:\/\/www.kohopsa.com\/wp-content\/uploads\/2020\/10\/petr-machacek-BeVGrXEktIk-unsplash-640x427.jpg 640w, https:\/\/www.kohopsa.com\/wp-content\/uploads\/2020\/10\/petr-machacek-BeVGrXEktIk-unsplash-1024x683.jpg 1024w, https:\/\/www.kohopsa.com\/wp-content\/uploads\/2020\/10\/petr-machacek-BeVGrXEktIk-unsplash-768x512.jpg 768w, https:\/\/www.kohopsa.com\/wp-content\/uploads\/2020\/10\/petr-machacek-BeVGrXEktIk-unsplash-1536x1024.jpg 1536w, https:\/\/www.kohopsa.com\/wp-content\/uploads\/2020\/10\/petr-machacek-BeVGrXEktIk-unsplash-1440x960.jpg 1440w, https:\/\/www.kohopsa.com\/wp-content\/uploads\/2020\/10\/petr-machacek-BeVGrXEktIk-unsplash.jpg 1920w\" sizes=\"(max-width: 640px) 100vw, 640px\" \/><\/p>\n\n                <\/div>\n  \n\n          \n                  <\/div> \n      \n  <\/div>\n\n<\/div>\n\n\n\n\n\n\n<div id=\"\" class=\"l-container wp-block-acf-container wp-block-acf-container-base alignfull   container-block_5f897d62ffe99  l-pad-top l-pad-bottom has-bg\">\n  <style>\n      <\/style>\n\n\n  \n      <div class=\"l-container__bg bg-center-center \">\n                            <picture>\n                        <source sizes=\"auto\" srcset=\"https:\/\/www.kohopsa.com\/wp-content\/uploads\/2020\/10\/hassan-ouajbir-IYU_YmMRm7s-unsplash.jpg 1920w, https:\/\/www.kohopsa.com\/wp-content\/uploads\/2020\/10\/hassan-ouajbir-IYU_YmMRm7s-unsplash-640x427.jpg 640w, https:\/\/www.kohopsa.com\/wp-content\/uploads\/2020\/10\/hassan-ouajbir-IYU_YmMRm7s-unsplash-1024x683.jpg 1024w, https:\/\/www.kohopsa.com\/wp-content\/uploads\/2020\/10\/hassan-ouajbir-IYU_YmMRm7s-unsplash-768x512.jpg 768w, https:\/\/www.kohopsa.com\/wp-content\/uploads\/2020\/10\/hassan-ouajbir-IYU_YmMRm7s-unsplash-1536x1024.jpg 1536w, https:\/\/www.kohopsa.com\/wp-content\/uploads\/2020\/10\/hassan-ouajbir-IYU_YmMRm7s-unsplash-1440x960.jpg 1440w\" type=\"image\/jpeg\">\n            <img decoding=\"async\" src=\"https:\/\/www.kohopsa.com\/wp-content\/uploads\/2020\/10\/hassan-ouajbir-IYU_YmMRm7s-unsplash-1024x683.jpg\" class=\"cover bg-container-block_5f897d62ffe99-0\" \/>\n          <\/picture>\n          <style>\n\n          @media (max-width: 39.9375em) {\n            .l-container__bg img.bg-container-block_5f897d62ffe99-0 {\n                          }\n          }\n            @media (min-width: 40em) {\n              .l-container__bg img.bg-container-block_5f897d62ffe99-0 {\n                              }\n            }\n          <\/style>\n                          <div class=\"l-container__bg--overlay\" style=\"background-color: ; opacity: 1;\"><\/div>\n      <\/div>\n    \n  <div class=\"l-inside alignwide\">\n    <div class=\"l-row  l-justify--start l-row--start l-row--left-right  \">\n    <div class=\"l-row__bg \">\n        <div class=\"l-row__bg--overlay\" style=\"background-color: ; opacity: 1;\"><\/div>\n  <\/div>\n  \n          <div class=\"l-s-12 l-content-column  l-l-12 l-m-12 l-row--start l-justify--start content-0 content-container-block_5f897d62ffe99-0 has-bg    \" >\n      <style>\n        .content-container-block_5f897d62ffe99-0 > svg {\n          fill: #f19220;\n        }\n              <\/style>\n            <div class=\"l-content__bg \">\n                <div class=\"l-content__bg--overlay \" style=\"background-color: #ffffff; opacity: 0.9;\"><\/div>\n      <\/div>\n\n\n                  <h2 style=\"text-align: center;\"><strong>Funderar du \u00f6ver n\u00e5got?<\/strong><\/h2>\n<p style=\"text-align: center;\">Om du redan anv\u00e4nder v\u00e5rt program och beh\u00f6ver hj\u00e4lp med n\u00e5got <a href=\"https:\/\/www.kohopsa.com\/sv\/kontakt\/\">kan du hitta v\u00e5ra kontaktuppgifter h\u00e4r<\/a>. Om du \u00f6verv\u00e4ger att skaffa Koho PSA till ditt f\u00f6retag och vill veta mer om oss skicka g\u00e4rna ett meddelande till oss via kontaktformul\u00e4ret.<\/p>\n\n              <div class=\"button-container l-justify--center\">\n                        <a href=\"https:\/\/www.kohopsa.com\/sv\/kontakt\/\" class=\"button default \" >\n                Kontakta oss                              <\/a>\n                    <\/div>\n                <\/div>\n  \n\n          \n                  <\/div> \n      \n  <\/div>\n\n<\/div>\n","protected":false},"excerpt":{"rendered":"","protected":false},"author":9,"featured_media":0,"parent":0,"menu_order":0,"comment_status":"closed","ping_status":"closed","template":"","meta":{"_acf_changed":false,"footnotes":""},"class_list":["post-7049","page","type-page","status-publish","hentry"],"acf":[],"yoast_head":"<!-- This site is optimized with the Yoast SEO plugin v27.0 - https:\/\/yoast.com\/product\/yoast-seo-wordpress\/ -->\n<title>Kundtj\u00e4nst &amp; support | Koho PSA<\/title>\n<meta name=\"description\" content=\"N\u00e4r du blir kund hos oss kommer du att ha tillg\u00e5ng till v\u00e5r kostnadsfria telefon- och e-postsupport d\u00e4r vi hj\u00e4lper dig att utnyttja Koho PSA till fullo.\" \/>\n<meta name=\"robots\" content=\"index, follow, max-snippet:-1, max-image-preview:large, max-video-preview:-1\" \/>\n<link rel=\"canonical\" href=\"https:\/\/www.kohopsa.com\/sv\/kundservice-support\/\" \/>\n<meta property=\"og:locale\" content=\"sv_SE\" \/>\n<meta property=\"og:type\" content=\"article\" \/>\n<meta property=\"og:title\" content=\"Kundtj\u00e4nst &amp; support | Koho PSA\" \/>\n<meta property=\"og:description\" content=\"N\u00e4r du blir kund hos oss kommer du att ha tillg\u00e5ng till v\u00e5r kostnadsfria telefon- och e-postsupport d\u00e4r vi hj\u00e4lper dig att utnyttja Koho PSA till fullo.\" \/>\n<meta property=\"og:url\" content=\"https:\/\/www.kohopsa.com\/sv\/kundservice-support\/\" \/>\n<meta property=\"og:site_name\" content=\"Koho PSA\" \/>\n<meta property=\"article:modified_time\" content=\"2023-11-17T11:23:09+00:00\" \/>\n<meta name=\"twitter:card\" content=\"summary_large_image\" \/>\n<script type=\"application\/ld+json\" class=\"yoast-schema-graph\">{\"@context\":\"https:\/\/schema.org\",\"@graph\":[{\"@type\":\"WebPage\",\"@id\":\"https:\/\/www.kohopsa.com\/sv\/kundservice-support\/\",\"url\":\"https:\/\/www.kohopsa.com\/sv\/kundservice-support\/\",\"name\":\"Kundtj\u00e4nst & support | Koho PSA\",\"isPartOf\":{\"@id\":\"https:\/\/www.kohopsa.com\/sv\/#website\"},\"datePublished\":\"2020-10-13T06:11:01+00:00\",\"dateModified\":\"2023-11-17T11:23:09+00:00\",\"description\":\"N\u00e4r du blir kund hos oss kommer du att ha tillg\u00e5ng till v\u00e5r kostnadsfria telefon- och e-postsupport d\u00e4r vi hj\u00e4lper dig att utnyttja Koho PSA till fullo.\",\"breadcrumb\":{\"@id\":\"https:\/\/www.kohopsa.com\/sv\/kundservice-support\/#breadcrumb\"},\"inLanguage\":\"sv-SE\",\"potentialAction\":[{\"@type\":\"ReadAction\",\"target\":[\"https:\/\/www.kohopsa.com\/sv\/kundservice-support\/\"]}]},{\"@type\":\"BreadcrumbList\",\"@id\":\"https:\/\/www.kohopsa.com\/sv\/kundservice-support\/#breadcrumb\",\"itemListElement\":[{\"@type\":\"ListItem\",\"position\":1,\"name\":\"Home\",\"item\":\"https:\/\/www.kohopsa.com\/sv\/\"},{\"@type\":\"ListItem\",\"position\":2,\"name\":\"Kundtj\u00e4nst &#038; support\"}]},{\"@type\":\"WebSite\",\"@id\":\"https:\/\/www.kohopsa.com\/sv\/#website\",\"url\":\"https:\/\/www.kohopsa.com\/sv\/\",\"name\":\"Koho PSA\",\"description\":\"\",\"publisher\":{\"@id\":\"https:\/\/www.kohopsa.com\/sv\/#organization\"},\"potentialAction\":[{\"@type\":\"SearchAction\",\"target\":{\"@type\":\"EntryPoint\",\"urlTemplate\":\"https:\/\/www.kohopsa.com\/sv\/?s={search_term_string}\"},\"query-input\":{\"@type\":\"PropertyValueSpecification\",\"valueRequired\":true,\"valueName\":\"search_term_string\"}}],\"inLanguage\":\"sv-SE\"},{\"@type\":\"Organization\",\"@id\":\"https:\/\/www.kohopsa.com\/sv\/#organization\",\"name\":\"Koho PSA\",\"url\":\"https:\/\/www.kohopsa.com\/sv\/\",\"logo\":{\"@type\":\"ImageObject\",\"inLanguage\":\"sv-SE\",\"@id\":\"https:\/\/www.kohopsa.com\/sv\/#\/schema\/logo\/image\/\",\"url\":\"https:\/\/www.kohopsa.com\/wp-content\/uploads\/2020\/09\/logo-full.png\",\"contentUrl\":\"https:\/\/www.kohopsa.com\/wp-content\/uploads\/2020\/09\/logo-full.png\",\"width\":260,\"height\":92,\"caption\":\"Koho PSA\"},\"image\":{\"@id\":\"https:\/\/www.kohopsa.com\/sv\/#\/schema\/logo\/image\/\"}}]}<\/script>\n<!-- \/ Yoast SEO plugin. -->","yoast_head_json":{"title":"Kundtj\u00e4nst & support | Koho PSA","description":"N\u00e4r du blir kund hos oss kommer du att ha tillg\u00e5ng till v\u00e5r kostnadsfria telefon- och e-postsupport d\u00e4r vi hj\u00e4lper dig att utnyttja Koho PSA till fullo.","robots":{"index":"index","follow":"follow","max-snippet":"max-snippet:-1","max-image-preview":"max-image-preview:large","max-video-preview":"max-video-preview:-1"},"canonical":"https:\/\/www.kohopsa.com\/sv\/kundservice-support\/","og_locale":"sv_SE","og_type":"article","og_title":"Kundtj\u00e4nst & support | Koho PSA","og_description":"N\u00e4r du blir kund hos oss kommer du att ha tillg\u00e5ng till v\u00e5r kostnadsfria telefon- och e-postsupport d\u00e4r vi hj\u00e4lper dig att utnyttja Koho PSA till fullo.","og_url":"https:\/\/www.kohopsa.com\/sv\/kundservice-support\/","og_site_name":"Koho PSA","article_modified_time":"2023-11-17T11:23:09+00:00","twitter_card":"summary_large_image","schema":{"@context":"https:\/\/schema.org","@graph":[{"@type":"WebPage","@id":"https:\/\/www.kohopsa.com\/sv\/kundservice-support\/","url":"https:\/\/www.kohopsa.com\/sv\/kundservice-support\/","name":"Kundtj\u00e4nst & support | Koho PSA","isPartOf":{"@id":"https:\/\/www.kohopsa.com\/sv\/#website"},"datePublished":"2020-10-13T06:11:01+00:00","dateModified":"2023-11-17T11:23:09+00:00","description":"N\u00e4r du blir kund hos oss kommer du att ha tillg\u00e5ng till v\u00e5r kostnadsfria telefon- och e-postsupport d\u00e4r vi hj\u00e4lper dig att utnyttja Koho PSA till fullo.","breadcrumb":{"@id":"https:\/\/www.kohopsa.com\/sv\/kundservice-support\/#breadcrumb"},"inLanguage":"sv-SE","potentialAction":[{"@type":"ReadAction","target":["https:\/\/www.kohopsa.com\/sv\/kundservice-support\/"]}]},{"@type":"BreadcrumbList","@id":"https:\/\/www.kohopsa.com\/sv\/kundservice-support\/#breadcrumb","itemListElement":[{"@type":"ListItem","position":1,"name":"Home","item":"https:\/\/www.kohopsa.com\/sv\/"},{"@type":"ListItem","position":2,"name":"Kundtj\u00e4nst &#038; support"}]},{"@type":"WebSite","@id":"https:\/\/www.kohopsa.com\/sv\/#website","url":"https:\/\/www.kohopsa.com\/sv\/","name":"Koho PSA","description":"","publisher":{"@id":"https:\/\/www.kohopsa.com\/sv\/#organization"},"potentialAction":[{"@type":"SearchAction","target":{"@type":"EntryPoint","urlTemplate":"https:\/\/www.kohopsa.com\/sv\/?s={search_term_string}"},"query-input":{"@type":"PropertyValueSpecification","valueRequired":true,"valueName":"search_term_string"}}],"inLanguage":"sv-SE"},{"@type":"Organization","@id":"https:\/\/www.kohopsa.com\/sv\/#organization","name":"Koho PSA","url":"https:\/\/www.kohopsa.com\/sv\/","logo":{"@type":"ImageObject","inLanguage":"sv-SE","@id":"https:\/\/www.kohopsa.com\/sv\/#\/schema\/logo\/image\/","url":"https:\/\/www.kohopsa.com\/wp-content\/uploads\/2020\/09\/logo-full.png","contentUrl":"https:\/\/www.kohopsa.com\/wp-content\/uploads\/2020\/09\/logo-full.png","width":260,"height":92,"caption":"Koho PSA"},"image":{"@id":"https:\/\/www.kohopsa.com\/sv\/#\/schema\/logo\/image\/"}}]}},"_links":{"self":[{"href":"https:\/\/www.kohopsa.com\/sv\/wp-json\/wp\/v2\/pages\/7049","targetHints":{"allow":["GET"]}}],"collection":[{"href":"https:\/\/www.kohopsa.com\/sv\/wp-json\/wp\/v2\/pages"}],"about":[{"href":"https:\/\/www.kohopsa.com\/sv\/wp-json\/wp\/v2\/types\/page"}],"author":[{"embeddable":true,"href":"https:\/\/www.kohopsa.com\/sv\/wp-json\/wp\/v2\/users\/9"}],"replies":[{"embeddable":true,"href":"https:\/\/www.kohopsa.com\/sv\/wp-json\/wp\/v2\/comments?post=7049"}],"version-history":[{"count":3,"href":"https:\/\/www.kohopsa.com\/sv\/wp-json\/wp\/v2\/pages\/7049\/revisions"}],"predecessor-version":[{"id":8667,"href":"https:\/\/www.kohopsa.com\/sv\/wp-json\/wp\/v2\/pages\/7049\/revisions\/8667"}],"wp:attachment":[{"href":"https:\/\/www.kohopsa.com\/sv\/wp-json\/wp\/v2\/media?parent=7049"}],"curies":[{"name":"wp","href":"https:\/\/api.w.org\/{rel}","templated":true}]}}