{"id":8596,"date":"2023-11-17T14:00:02","date_gmt":"2023-11-17T11:00:02","guid":{"rendered":"https:\/\/www.kohopsa.com\/?page_id=8596"},"modified":"2025-08-06T16:11:13","modified_gmt":"2025-08-06T13:11:13","slug":"kontakta-oss","status":"publish","type":"page","link":"https:\/\/www.kohopsa.com\/sv\/kontakta-oss\/","title":{"rendered":"Kontakta oss"},"content":{"rendered":"\n\n\n\n<div id=\"\" class=\"l-container wp-block-acf-container wp-block-acf-container-base alignfull   container-block_a1ea432c9ce65d4d7daa2f0564bdf8dd  l-pad-top \">\n  <style>\n      <\/style>\n\n\n  \n  <div class=\"l-inside alignwide\">\n    <div class=\"l-row  l-justify--center l-row--center l-row--left-right  \">\n    <div class=\"l-row__bg \">\n        <div class=\"l-row__bg--overlay\" style=\"background-color: ; opacity: 1;\"><\/div>\n  <\/div>\n  \n          <div class=\"l-s-12 l-content-column  l-l-4 l-m-2 l-row--center l-justify--center content-0 content-container-block_a1ea432c9ce65d4d7daa2f0564bdf8dd-0     \" >\n      <style>\n        .content-container-block_a1ea432c9ce65d4d7daa2f0564bdf8dd-0 > svg {\n          fill: #f19220;\n        }\n              <\/style>\n            <div class=\"l-content__bg \">\n                <div class=\"l-content__bg--overlay \" style=\"background-color: ; opacity: 1;\"><\/div>\n      <\/div>\n\n\n                  <p><img decoding=\"async\" class=\"aligncenter wp-image-7991 size-full\" src=\"https:\/\/www.kohopsa.com\/wp-content\/uploads\/2023\/07\/logo-wave.png\" alt=\"Koho PSA\" width=\"300\" height=\"300\" \/><\/p>\n\n                <\/div>\n          <div class=\"l-s-12 l-content-column  l-l-8 l-m-10 l-row--center l-justify--center content-1 content-container-block_a1ea432c9ce65d4d7daa2f0564bdf8dd-1     \" >\n      <style>\n        .content-container-block_a1ea432c9ce65d4d7daa2f0564bdf8dd-1 > svg {\n          fill: #f19220;\n        }\n              <\/style>\n            <div class=\"l-content__bg \">\n                <div class=\"l-content__bg--overlay \" style=\"background-color: ; opacity: 1;\"><\/div>\n      <\/div>\n\n\n                  <h1 style=\"text-align: center;\"><b>Har du fr\u00e5gor om <span style=\"color: #f19220;\">Koho PSA:s byr\u00e5st\u00f6d<\/span>? <\/b>Kontakta oss!<\/h1>\n\n                <\/div>\n  \n\n          \n                  <\/div> \n      \n  <\/div>\n\n<\/div>\n\n\n\n\n\n\n<div id=\"\" class=\"l-container wp-block-acf-container wp-block-acf-container-base alignfull   container-block_4b625a2c9532fca2aeec9585e2a286af  l-pad-bottom \">\n  <style>\n      <\/style>\n\n\n  \n  <div class=\"l-inside alignwide\">\n    <div class=\"l-row  l-justify--center l-row--center l-row--left-right  \">\n    <div class=\"l-row__bg \">\n        <div class=\"l-row__bg--overlay\" style=\"background-color: ; opacity: 1;\"><\/div>\n  <\/div>\n  \n          <div class=\"l-s-12 l-content-column  l-l-12 l-m-12 l-row--start l-justify--start content-0 content-container-block_4b625a2c9532fca2aeec9585e2a286af-0     \" >\n      <style>\n        .content-container-block_4b625a2c9532fca2aeec9585e2a286af-0 > svg {\n          fill: #f19220;\n        }\n              <\/style>\n            <div class=\"l-content__bg \">\n                <div class=\"l-content__bg--overlay \" style=\"background-color: ; opacity: 1;\"><\/div>\n      <\/div>\n\n\n                  <p><script src=\"https:\/\/js.hsforms.net\/forms\/embed\/developer\/461576.js\" defer><\/script><\/p>\n<div class=\"hs-form-html\" style=\"text-align: center;\" data-region=\"na1\" data-form-id=\"f881103f-8c42-41c7-8f7f-fec95b5a6251\" data-portal-id=\"461576\"><\/div>\n\n                <\/div>\n          <div class=\"l-s-12 l-content-column  l-l-12 l-m-12 l-row--start l-justify--start content-1 content-container-block_4b625a2c9532fca2aeec9585e2a286af-1     \" >\n      <style>\n        .content-container-block_4b625a2c9532fca2aeec9585e2a286af-1 > svg {\n          fill: #f19220;\n        }\n              <\/style>\n            <div class=\"l-content__bg \">\n                <div class=\"l-content__bg--overlay \" style=\"background-color: ; opacity: 1;\"><\/div>\n      <\/div>\n\n\n                  <p style=\"text-align: center;\">Om du inte ser formul\u00e4ret beh\u00f6ver du acceptera marknadsf\u00f6ringskakor, eller s\u00e5 <a href=\"https:\/\/9w5k.share.hsforms.com\/2-IEQP4xCQcePf_7JW1piUQ\"><strong>kan du klicka h\u00e4r f\u00f6r att \u00f6ppna formul\u00e4ret <\/strong><\/a>i en ny flik.<\/p>\n\n                <\/div>\n  \n\n          \n                  <\/div> \n      \n  <\/div>\n\n<\/div>\n\n\n\n\n\n\n<div id=\"\" class=\"l-container wp-block-acf-container wp-block-acf-container-base alignfull   container-block_9ed7b8b3a3e2bf172fb0bafdceaa4aca  l-pad-top l-pad-bottom has-bg\">\n  <style>\n      <\/style>\n\n\n  \n      <div class=\"l-container__bg bg-center-center \">\n                <div class=\"l-container__bg--overlay\" style=\"background-color: #f5f3f1; opacity: 1;\"><\/div>\n      <\/div>\n    \n  <div class=\"l-inside alignnarrow\">\n    <div class=\"l-row  l-justify--center l-row--center l-row--left-right  \">\n    <div class=\"l-row__bg \">\n        <div class=\"l-row__bg--overlay\" style=\"background-color: ; opacity: 1;\"><\/div>\n  <\/div>\n  \n          <div class=\"l-s-12 l-content-column  l-l-12 l-m-12 l-row--start l-justify--start content-0 content-container-block_9ed7b8b3a3e2bf172fb0bafdceaa4aca-0     \" >\n      <style>\n        .content-container-block_9ed7b8b3a3e2bf172fb0bafdceaa4aca-0 > svg {\n          fill: #f19220;\n        }\n              <\/style>\n            <div class=\"l-content__bg \">\n                <div class=\"l-content__bg--overlay \" style=\"background-color: ; opacity: 1;\"><\/div>\n      <\/div>\n\n\n                  <h1 style=\"text-align: center;\"><strong>Vill du ha en personlig demo?<\/strong><\/h1>\n<p style=\"text-align: center;\">Boka ett m\u00f6te med en av v\u00e5ra representanter! V\u00e4lj en dag och tid som passar dig och vi ska skicka dig en l\u00e4nk till ett gratis distansm\u00f6te.<\/p>\n<p style=\"text-align: center;\">Under m\u00f6tet kan vi diskutera om ditt f\u00f6retags utmaningar och behov och hur Koho PSA kan l\u00f6sa dem. Vi ger dig sj\u00e4lvklart ocks\u00e5 en titt p\u00e5 sj\u00e4lvaste systemet, utan att du binder dig till n\u00e5got. V\u00e5ra representanter talar flytande engelska och finska, och Niklas talar \u00e4ven svenska.<\/p>\n\n                <\/div>\n          <div class=\"l-s-12 l-content-column  l-l-6 l-m-6 l-row--center l-justify--start content-1 content-container-block_9ed7b8b3a3e2bf172fb0bafdceaa4aca-1    padding-large \" >\n      <style>\n        .content-container-block_9ed7b8b3a3e2bf172fb0bafdceaa4aca-1 > svg {\n          fill: #f19220;\n        }\n              <\/style>\n            <div class=\"l-content__bg \">\n                <div class=\"l-content__bg--overlay \" style=\"background-color: ; opacity: 1;\"><\/div>\n      <\/div>\n\n\n                  <p><!-- Start of Meetings Embed Script --><\/p>\n<div class=\"meetings-iframe-container\" data-src=\"https:\/\/meetings.hubspot.com\/niklas-plyhm\/kohopsa?embed=true\"><\/div>\n<p>    <script type=\"text\/javascript\" src=\"https:\/\/static.hsappstatic.net\/MeetingsEmbed\/ex\/MeetingsEmbedCode.js\"><\/script><br \/>\n  <!-- End of Meetings Embed Script --><\/p>\n\n                <\/div>\n          <div class=\"l-s-12 l-content-column  l-l-6 l-m-6 l-row--center l-justify--start content-2 content-container-block_9ed7b8b3a3e2bf172fb0bafdceaa4aca-2     \" >\n      <style>\n        .content-container-block_9ed7b8b3a3e2bf172fb0bafdceaa4aca-2 > svg {\n          fill: #f19220;\n        }\n              <\/style>\n            <div class=\"l-content__bg \">\n                <div class=\"l-content__bg--overlay \" style=\"background-color: ; opacity: 1;\"><\/div>\n      <\/div>\n\n\n                  <p><!-- Start of Meetings Embed Script --><\/p>\n<div class=\"meetings-iframe-container\" data-src=\"https:\/\/meetings.hubspot.com\/teemu-ilkka\/kohopsa?embed=true\"><\/div>\n<p><script type=\"text\/javascript\" src=\"https:\/\/static.hsappstatic.net\/MeetingsEmbed\/ex\/MeetingsEmbedCode.js\"><\/script><br \/>\n<!-- End of Meetings Embed Script --><\/p>\n\n                <\/div>\n  \n\n          \n                  <\/div> \n      \n  <\/div>\n\n<\/div>\n","protected":false},"excerpt":{"rendered":"","protected":false},"author":9,"featured_media":8257,"parent":0,"menu_order":0,"comment_status":"closed","ping_status":"closed","template":"","meta":{"_acf_changed":false,"footnotes":""},"class_list":["post-8596","page","type-page","status-publish","has-post-thumbnail","hentry"],"acf":[],"yoast_head":"<!-- This site is optimized with the Yoast SEO plugin v27.0 - https:\/\/yoast.com\/product\/yoast-seo-wordpress\/ -->\n<title>Kontakta Koho PSA | Koho PSA<\/title>\n<meta name=\"description\" content=\"Kontakta Koho PSA, det mest anv\u00e4nda aff\u00e4rsledningssystemet f\u00f6r redovisningsbyr\u00e5er i Norden.\" \/>\n<meta name=\"robots\" content=\"index, follow, max-snippet:-1, max-image-preview:large, max-video-preview:-1\" \/>\n<link rel=\"canonical\" href=\"https:\/\/www.kohopsa.com\/sv\/kontakta-oss\/\" \/>\n<meta property=\"og:locale\" content=\"sv_SE\" \/>\n<meta property=\"og:type\" content=\"article\" \/>\n<meta property=\"og:title\" content=\"Kontakta Koho PSA | Koho PSA\" \/>\n<meta property=\"og:description\" content=\"Kontakta Koho PSA, det mest anv\u00e4nda aff\u00e4rsledningssystemet f\u00f6r redovisningsbyr\u00e5er i Norden.\" \/>\n<meta property=\"og:url\" content=\"https:\/\/www.kohopsa.com\/sv\/kontakta-oss\/\" \/>\n<meta property=\"og:site_name\" content=\"Koho PSA\" \/>\n<meta property=\"article:modified_time\" content=\"2025-08-06T13:11:13+00:00\" \/>\n<meta property=\"og:image\" content=\"https:\/\/www.kohopsa.com\/wp-content\/uploads\/2023\/07\/Logo-LinkedIn.png\" \/>\n\t<meta property=\"og:image:width\" content=\"300\" \/>\n\t<meta property=\"og:image:height\" content=\"300\" \/>\n\t<meta property=\"og:image:type\" content=\"image\/png\" \/>\n<meta name=\"twitter:card\" content=\"summary_large_image\" \/>\n<meta name=\"twitter:label1\" content=\"Ber\u00e4knad l\u00e4stid\" \/>\n\t<meta name=\"twitter:data1\" content=\"1 minut\" \/>\n<script type=\"application\/ld+json\" class=\"yoast-schema-graph\">{\"@context\":\"https:\/\/schema.org\",\"@graph\":[{\"@type\":\"WebPage\",\"@id\":\"https:\/\/www.kohopsa.com\/sv\/kontakta-oss\/\",\"url\":\"https:\/\/www.kohopsa.com\/sv\/kontakta-oss\/\",\"name\":\"Kontakta Koho PSA | Koho PSA\",\"isPartOf\":{\"@id\":\"https:\/\/www.kohopsa.com\/sv\/#website\"},\"primaryImageOfPage\":{\"@id\":\"https:\/\/www.kohopsa.com\/sv\/kontakta-oss\/#primaryimage\"},\"image\":{\"@id\":\"https:\/\/www.kohopsa.com\/sv\/kontakta-oss\/#primaryimage\"},\"thumbnailUrl\":\"https:\/\/www.kohopsa.com\/wp-content\/uploads\/2023\/07\/Logo-LinkedIn.png\",\"datePublished\":\"2023-11-17T11:00:02+00:00\",\"dateModified\":\"2025-08-06T13:11:13+00:00\",\"description\":\"Kontakta Koho PSA, det mest anv\u00e4nda aff\u00e4rsledningssystemet f\u00f6r redovisningsbyr\u00e5er i Norden.\",\"breadcrumb\":{\"@id\":\"https:\/\/www.kohopsa.com\/sv\/kontakta-oss\/#breadcrumb\"},\"inLanguage\":\"sv-SE\",\"potentialAction\":[{\"@type\":\"ReadAction\",\"target\":[\"https:\/\/www.kohopsa.com\/sv\/kontakta-oss\/\"]}]},{\"@type\":\"ImageObject\",\"inLanguage\":\"sv-SE\",\"@id\":\"https:\/\/www.kohopsa.com\/sv\/kontakta-oss\/#primaryimage\",\"url\":\"https:\/\/www.kohopsa.com\/wp-content\/uploads\/2023\/07\/Logo-LinkedIn.png\",\"contentUrl\":\"https:\/\/www.kohopsa.com\/wp-content\/uploads\/2023\/07\/Logo-LinkedIn.png\",\"width\":300,\"height\":300,\"caption\":\"Koho PSA\"},{\"@type\":\"BreadcrumbList\",\"@id\":\"https:\/\/www.kohopsa.com\/sv\/kontakta-oss\/#breadcrumb\",\"itemListElement\":[{\"@type\":\"ListItem\",\"position\":1,\"name\":\"Home\",\"item\":\"https:\/\/www.kohopsa.com\/sv\/\"},{\"@type\":\"ListItem\",\"position\":2,\"name\":\"Kontakta oss\"}]},{\"@type\":\"WebSite\",\"@id\":\"https:\/\/www.kohopsa.com\/sv\/#website\",\"url\":\"https:\/\/www.kohopsa.com\/sv\/\",\"name\":\"Koho PSA\",\"description\":\"\",\"publisher\":{\"@id\":\"https:\/\/www.kohopsa.com\/sv\/#organization\"},\"potentialAction\":[{\"@type\":\"SearchAction\",\"target\":{\"@type\":\"EntryPoint\",\"urlTemplate\":\"https:\/\/www.kohopsa.com\/sv\/?s={search_term_string}\"},\"query-input\":{\"@type\":\"PropertyValueSpecification\",\"valueRequired\":true,\"valueName\":\"search_term_string\"}}],\"inLanguage\":\"sv-SE\"},{\"@type\":\"Organization\",\"@id\":\"https:\/\/www.kohopsa.com\/sv\/#organization\",\"name\":\"Koho PSA\",\"url\":\"https:\/\/www.kohopsa.com\/sv\/\",\"logo\":{\"@type\":\"ImageObject\",\"inLanguage\":\"sv-SE\",\"@id\":\"https:\/\/www.kohopsa.com\/sv\/#\/schema\/logo\/image\/\",\"url\":\"https:\/\/www.kohopsa.com\/wp-content\/uploads\/2020\/09\/logo-full.png\",\"contentUrl\":\"https:\/\/www.kohopsa.com\/wp-content\/uploads\/2020\/09\/logo-full.png\",\"width\":260,\"height\":92,\"caption\":\"Koho PSA\"},\"image\":{\"@id\":\"https:\/\/www.kohopsa.com\/sv\/#\/schema\/logo\/image\/\"}}]}<\/script>\n<!-- \/ Yoast SEO plugin. -->","yoast_head_json":{"title":"Kontakta Koho PSA | Koho PSA","description":"Kontakta Koho PSA, det mest anv\u00e4nda aff\u00e4rsledningssystemet f\u00f6r redovisningsbyr\u00e5er i Norden.","robots":{"index":"index","follow":"follow","max-snippet":"max-snippet:-1","max-image-preview":"max-image-preview:large","max-video-preview":"max-video-preview:-1"},"canonical":"https:\/\/www.kohopsa.com\/sv\/kontakta-oss\/","og_locale":"sv_SE","og_type":"article","og_title":"Kontakta Koho PSA | Koho PSA","og_description":"Kontakta Koho PSA, det mest anv\u00e4nda aff\u00e4rsledningssystemet f\u00f6r redovisningsbyr\u00e5er i Norden.","og_url":"https:\/\/www.kohopsa.com\/sv\/kontakta-oss\/","og_site_name":"Koho PSA","article_modified_time":"2025-08-06T13:11:13+00:00","og_image":[{"width":300,"height":300,"url":"https:\/\/www.kohopsa.com\/wp-content\/uploads\/2023\/07\/Logo-LinkedIn.png","type":"image\/png"}],"twitter_card":"summary_large_image","twitter_misc":{"Ber\u00e4knad l\u00e4stid":"1 minut"},"schema":{"@context":"https:\/\/schema.org","@graph":[{"@type":"WebPage","@id":"https:\/\/www.kohopsa.com\/sv\/kontakta-oss\/","url":"https:\/\/www.kohopsa.com\/sv\/kontakta-oss\/","name":"Kontakta Koho PSA | Koho PSA","isPartOf":{"@id":"https:\/\/www.kohopsa.com\/sv\/#website"},"primaryImageOfPage":{"@id":"https:\/\/www.kohopsa.com\/sv\/kontakta-oss\/#primaryimage"},"image":{"@id":"https:\/\/www.kohopsa.com\/sv\/kontakta-oss\/#primaryimage"},"thumbnailUrl":"https:\/\/www.kohopsa.com\/wp-content\/uploads\/2023\/07\/Logo-LinkedIn.png","datePublished":"2023-11-17T11:00:02+00:00","dateModified":"2025-08-06T13:11:13+00:00","description":"Kontakta Koho PSA, det mest anv\u00e4nda aff\u00e4rsledningssystemet f\u00f6r redovisningsbyr\u00e5er i Norden.","breadcrumb":{"@id":"https:\/\/www.kohopsa.com\/sv\/kontakta-oss\/#breadcrumb"},"inLanguage":"sv-SE","potentialAction":[{"@type":"ReadAction","target":["https:\/\/www.kohopsa.com\/sv\/kontakta-oss\/"]}]},{"@type":"ImageObject","inLanguage":"sv-SE","@id":"https:\/\/www.kohopsa.com\/sv\/kontakta-oss\/#primaryimage","url":"https:\/\/www.kohopsa.com\/wp-content\/uploads\/2023\/07\/Logo-LinkedIn.png","contentUrl":"https:\/\/www.kohopsa.com\/wp-content\/uploads\/2023\/07\/Logo-LinkedIn.png","width":300,"height":300,"caption":"Koho PSA"},{"@type":"BreadcrumbList","@id":"https:\/\/www.kohopsa.com\/sv\/kontakta-oss\/#breadcrumb","itemListElement":[{"@type":"ListItem","position":1,"name":"Home","item":"https:\/\/www.kohopsa.com\/sv\/"},{"@type":"ListItem","position":2,"name":"Kontakta oss"}]},{"@type":"WebSite","@id":"https:\/\/www.kohopsa.com\/sv\/#website","url":"https:\/\/www.kohopsa.com\/sv\/","name":"Koho PSA","description":"","publisher":{"@id":"https:\/\/www.kohopsa.com\/sv\/#organization"},"potentialAction":[{"@type":"SearchAction","target":{"@type":"EntryPoint","urlTemplate":"https:\/\/www.kohopsa.com\/sv\/?s={search_term_string}"},"query-input":{"@type":"PropertyValueSpecification","valueRequired":true,"valueName":"search_term_string"}}],"inLanguage":"sv-SE"},{"@type":"Organization","@id":"https:\/\/www.kohopsa.com\/sv\/#organization","name":"Koho PSA","url":"https:\/\/www.kohopsa.com\/sv\/","logo":{"@type":"ImageObject","inLanguage":"sv-SE","@id":"https:\/\/www.kohopsa.com\/sv\/#\/schema\/logo\/image\/","url":"https:\/\/www.kohopsa.com\/wp-content\/uploads\/2020\/09\/logo-full.png","contentUrl":"https:\/\/www.kohopsa.com\/wp-content\/uploads\/2020\/09\/logo-full.png","width":260,"height":92,"caption":"Koho PSA"},"image":{"@id":"https:\/\/www.kohopsa.com\/sv\/#\/schema\/logo\/image\/"}}]}},"_links":{"self":[{"href":"https:\/\/www.kohopsa.com\/sv\/wp-json\/wp\/v2\/pages\/8596","targetHints":{"allow":["GET"]}}],"collection":[{"href":"https:\/\/www.kohopsa.com\/sv\/wp-json\/wp\/v2\/pages"}],"about":[{"href":"https:\/\/www.kohopsa.com\/sv\/wp-json\/wp\/v2\/types\/page"}],"author":[{"embeddable":true,"href":"https:\/\/www.kohopsa.com\/sv\/wp-json\/wp\/v2\/users\/9"}],"replies":[{"embeddable":true,"href":"https:\/\/www.kohopsa.com\/sv\/wp-json\/wp\/v2\/comments?post=8596"}],"version-history":[{"count":2,"href":"https:\/\/www.kohopsa.com\/sv\/wp-json\/wp\/v2\/pages\/8596\/revisions"}],"predecessor-version":[{"id":10392,"href":"https:\/\/www.kohopsa.com\/sv\/wp-json\/wp\/v2\/pages\/8596\/revisions\/10392"}],"wp:featuredmedia":[{"embeddable":true,"href":"https:\/\/www.kohopsa.com\/sv\/wp-json\/wp\/v2\/media\/8257"}],"wp:attachment":[{"href":"https:\/\/www.kohopsa.com\/sv\/wp-json\/wp\/v2\/media?parent=8596"}],"curies":[{"name":"wp","href":"https:\/\/api.w.org\/{rel}","templated":true}]}}